{"id":5398,"date":"2023-05-04T00:56:39","date_gmt":"2023-05-03T22:56:39","guid":{"rendered":"https:\/\/taxi-holiday.at\/?page_id=5398"},"modified":"2024-12-30T07:39:32","modified_gmt":"2024-12-30T06:39:32","slug":"in-und-auslandsfahrten","status":"publish","type":"page","link":"https:\/\/landecktaxi.com\/de_de\/in-und-auslandsfahrten\/","title":{"rendered":"In &#8211; und Auslandsfahrten"},"content":{"rendered":"<section class=\"wpb-content-wrapper\"><div class=\"vc-custom-col-spacing clearfix vc-col-spacing-30\"><section class=\"wpb_row vc_row-fluid row-content-position-Default\"><div class=\"logistix-container\"><div class=\"row-inner clearfix\"><div class=\"wpb_column vc_column_container vc_col-sm-6\"><div class=\"vc_column-inner\"><div class=\"wpb_wrapper\"><div class=\"logistix-image-box clearfix \" style=\"\">\r\n        <div class=\"item\">\r\n            <div class=\"inner \" style=\"\">\r\n                <div class=\"thumb\" style=\"\"><img loading=\"lazy\" decoding=\"async\" width=\"225\" height=\"150\" src=\"https:\/\/landecktaxi.com\/wp-content\/uploads\/2023\/04\/holiday-taxi-airport.jpg\" class=\"attachment-logistix-xsmall-auto size-logistix-xsmall-auto\" alt=\"Holiday Taxi Airport Transfer\" \/><\/div>\r\n                <div class=\"text-wrap\" style=\"padding:In- und Auslandsfahrten;\">\r\n                     <h3 class=\"title style-1\" style=\"\">\r\n        <a target=\"_blank\" href=\"\"><span style=\"\">In- und Auslandsfahrten<\/span><\/a>\r\n    <\/h3>   \r\n                <\/div>\r\n            <\/div>\r\n        <\/div>\r\n    <\/div><\/div><\/div><\/div><div class=\"wpb_column vc_column_container vc_col-sm-6\"><div class=\"vc_column-inner\"><div class=\"wpb_wrapper\">\n\t<div class=\"wpb_text_column wpb_content_element \" >\n\t\t<div class=\"wpb_wrapper\">\n\t\t\t<p>Taxi der Landeck AUCH BEI AUSLANDSFAHRTEN IHR VERL\u00c4SSLICHER PARTNER Das Ausland bietet grenzenlose M\u00f6glichkeiten. Vielleicht m\u00f6chten Sie ein besonderes kulturelles Event besuchen oder einer Familienfeier in einem Nachbarland beiwohnen. Eventuell bietet sich Ihnen im Ausland auch eine besondere gesch\u00e4ftliche Chance, die Sie sich nicht entgehen lassen m\u00f6chten. Es gibt zahlreiche gute Gr\u00fcnde f\u00fcr Auslandsfahrten.<\/p>\n<p>Viele Menschen k\u00f6nnen oder m\u00f6chten eine Reise ins Ausland jedoch nicht selbst in Angriff nehmen. In diesen F\u00e4llen helfen Ihnen professionelle\u00a0<strong>Chauffeurdienste\u00a0<\/strong>weiter. Dadurch k\u00f6nnen Auslandsfahrten f\u00fcr Auftraggeberinnen und Auftraggeber sehr entspannt ablaufen \u2013 ganz ohne die l\u00e4stige Routenplanung oder die st\u00e4ndige Konzentration auf den Verkehr in einem fremden Land.<\/p>\n\n\t\t<\/div>\n\t<\/div>\n<\/div><\/div><\/div><\/div><\/div><\/section><\/div><div class=\"vc-custom-col-spacing clearfix vc-col-spacing-30\"><section class=\"wpb_row vc_row-fluid row-content-position-Default\"><div class=\"logistix-container\"><div class=\"row-inner clearfix\"><div class=\"wpb_column vc_column_container vc_col-sm-6\"><div class=\"vc_column-inner\"><div class=\"wpb_wrapper\">\n\t<div class=\"wpb_text_column wpb_content_element \" >\n\t\t<div class=\"wpb_wrapper\">\n\t\t\t<p>AUSLANDSFAHRTEN BIETEN VIELE GELEGENHEITEN<br \/>\n<strong>eswegen sind wir bei Auslandsfahrten Ihr kompetenter Dienstleister<\/strong><\/p>\n<p>Wir bringen Sie hin und wieder zur\u00fcck \u2013 ganz egal, ob Sie das Ausland privat oder gesch\u00e4ftlich bereisen m\u00f6chten. So k\u00f6nnen Privatleute in unseren bequemen Fahrzeugen entspannen und die Fahrt in vollen Z\u00fcgen statt in vollen (Eisenbahn-)Z\u00fcgen genie\u00dfen. Gesch\u00e4ftsreisenden bietet sich in unseren Fahrzeugen die Gelegenheit, mit Laptop &amp; Co konzentriert zu arbeiten und so die Reisezeit produktiv zu nutzen.<\/p>\n<p>Unsere erfahrenen Fahrerinnen und Fahrer haben bereits zahlreiche Auslandsfahrten zur vollsten Zufriedenheit unserer Kundinnen und Kunden durchgef\u00fchrt. Deshalb bringen wir auch Sie sicher und schnell ans Ziel. Unsere Preise f\u00fcr die\u00a0<strong>Auslandsfahrten\u00a0<\/strong>h\u00e4ngen von mehreren Parametern ab. Die genauen Kosten teilen wir Ihnen auf Anfrage gerne mit.\u00a0<a href=\"mailto:info@landecktaxi.com\">Kontaktieren<\/a>\u00a0Sie uns diesbez\u00fcglich bitte unverbindlich.<\/p>\n\n\t\t<\/div>\n\t<\/div>\n<\/div><\/div><\/div><div class=\"wpb_column vc_column_container vc_col-sm-6\"><div class=\"vc_column-inner\"><div class=\"wpb_wrapper\"><div class=\"logistix-image-box clearfix \" style=\"\">\r\n        <div class=\"item\">\r\n            <div class=\"inner \" style=\"\">\r\n                <div class=\"thumb\" style=\"\"><img loading=\"lazy\" decoding=\"async\" width=\"225\" height=\"150\" src=\"https:\/\/landecktaxi.com\/wp-content\/uploads\/2023\/04\/taxi-holiday-ausland.jpg\" class=\"attachment-logistix-xsmall-auto size-logistix-xsmall-auto\" alt=\"Taxi Holiday Ausland\" \/><\/div>\r\n                <div class=\"text-wrap\" style=\"padding:In- und Auslandsfahrten;\">\r\n                     <h3 class=\"title style-1\" style=\"\">\r\n        <a target=\"_blank\" href=\"\"><span style=\"\">In- und Auslandsfahrten<\/span><\/a>\r\n    <\/h3>   \r\n                <\/div>\r\n            <\/div>\r\n        <\/div>\r\n    <\/div><\/div><\/div><\/div><\/div><\/div><\/section><\/div><div class=\"vc-custom-col-spacing clearfix vc-col-spacing-30\"><section class=\"wpb_row vc_row-fluid row-content-position-Default\"><div class=\"logistix-container\"><div class=\"row-inner clearfix\"><div class=\"wpb_column vc_column_container vc_col-sm-12\"><div class=\"vc_column-inner\"><div class=\"wpb_wrapper\">\n\t<div class=\"wpb_text_column wpb_content_element \" >\n\t\t<div class=\"wpb_wrapper\">\n\t\t\t<p style=\"text-align: center;\"><a href=\"https:\/\/landecktaxi.com\/online-buchnung\/\">Jetz Online-Buchnung<\/a><\/p>\n\n\t\t<\/div>\n\t<\/div>\n<\/div><\/div><\/div><\/div><\/div><\/section><\/div>\n<\/section>","protected":false},"excerpt":{"rendered":"In- und Auslandsfahrten Taxi der Landeck AUCH BEI AUSLANDSFAHRTEN IHR VERL\u00c4SSLICHER PARTNER Das Ausland bietet grenzenlose M\u00f6glichkeiten. Vielleicht m\u00f6chten Sie ein besonderes kulturelles Event besuchen oder einer Familienfeier in einem Nachbarland beiwohnen. Eventuell bietet sich Ihnen im Ausland auch eine besondere gesch\u00e4ftliche Chance, die Sie sich nicht entgehen lassen&hellip;","protected":false},"author":1,"featured_media":0,"parent":0,"menu_order":0,"comment_status":"closed","ping_status":"closed","template":"","meta":{"_themeisle_gutenberg_block_has_review":false,"footnotes":""},"class_list":["post-5398","page","type-page","status-publish","hentry"],"yoast_head":"<!-- This site is optimized with the Yoast SEO Premium plugin v20.1 (Yoast SEO v27.6) - https:\/\/yoast.com\/product\/yoast-seo-premium-wordpress\/ -->\n<title>In - und Auslandsfahrten - Landeck Taxi - Flughafen Transfer<\/title>\n<meta name=\"robots\" content=\"index, follow, max-snippet:-1, max-image-preview:large, max-video-preview:-1\" \/>\n<link rel=\"canonical\" href=\"https:\/\/landecktaxi.com\/de_de\/in-und-auslandsfahrten\/\" \/>\n<meta property=\"og:locale\" content=\"de_DE\" \/>\n<meta property=\"og:type\" content=\"article\" \/>\n<meta property=\"og:title\" content=\"In - und Auslandsfahrten\" \/>\n<meta property=\"og:url\" content=\"https:\/\/landecktaxi.com\/de_de\/in-und-auslandsfahrten\/\" \/>\n<meta property=\"og:site_name\" content=\"Landeck Taxi - Flughafen Transfer\" \/>\n<meta property=\"article:modified_time\" content=\"2024-12-30T06:39:32+00:00\" \/>\n<meta name=\"twitter:card\" content=\"summary_large_image\" \/>\n<meta name=\"twitter:label1\" content=\"Gesch\u00e4tzte Lesezeit\" \/>\n\t<meta name=\"twitter:data1\" content=\"2\u00a0Minuten\" \/>\n<script type=\"application\/ld+json\" class=\"yoast-schema-graph\">{\"@context\":\"https:\\\/\\\/schema.org\",\"@graph\":[{\"@type\":\"WebPage\",\"@id\":\"https:\\\/\\\/landecktaxi.com\\\/in-und-auslandsfahrten\\\/\",\"url\":\"https:\\\/\\\/landecktaxi.com\\\/in-und-auslandsfahrten\\\/\",\"name\":\"In - und Auslandsfahrten - Landeck Taxi - Flughafen Transfer\",\"isPartOf\":{\"@id\":\"https:\\\/\\\/landecktaxi.com\\\/#website\"},\"datePublished\":\"2023-05-03T22:56:39+00:00\",\"dateModified\":\"2024-12-30T06:39:32+00:00\",\"breadcrumb\":{\"@id\":\"https:\\\/\\\/landecktaxi.com\\\/in-und-auslandsfahrten\\\/#breadcrumb\"},\"inLanguage\":\"de\",\"potentialAction\":[{\"@type\":\"ReadAction\",\"target\":[\"https:\\\/\\\/landecktaxi.com\\\/in-und-auslandsfahrten\\\/\"]}]},{\"@type\":\"BreadcrumbList\",\"@id\":\"https:\\\/\\\/landecktaxi.com\\\/in-und-auslandsfahrten\\\/#breadcrumb\",\"itemListElement\":[{\"@type\":\"ListItem\",\"position\":1,\"name\":\"Home\",\"item\":\"https:\\\/\\\/landecktaxi.com\\\/\"},{\"@type\":\"ListItem\",\"position\":2,\"name\":\"In &#8211; und Auslandsfahrten\"}]},{\"@type\":\"WebSite\",\"@id\":\"https:\\\/\\\/landecktaxi.com\\\/#website\",\"url\":\"https:\\\/\\\/landecktaxi.com\\\/\",\"name\":\"Landeck Taxi - Flughafen Transfer\",\"description\":\"\",\"publisher\":{\"@id\":\"https:\\\/\\\/landecktaxi.com\\\/#organization\"},\"potentialAction\":[{\"@type\":\"SearchAction\",\"target\":{\"@type\":\"EntryPoint\",\"urlTemplate\":\"https:\\\/\\\/landecktaxi.com\\\/?s={search_term_string}\"},\"query-input\":{\"@type\":\"PropertyValueSpecification\",\"valueRequired\":true,\"valueName\":\"search_term_string\"}}],\"inLanguage\":\"de\"},{\"@type\":[\"Organization\",\"Place\",\"TaxiStand\"],\"@id\":\"https:\\\/\\\/landecktaxi.com\\\/#organization\",\"name\":\"Landeck Taxi - Flughafen Transfer\",\"url\":\"https:\\\/\\\/landecktaxi.com\\\/\",\"logo\":{\"@id\":\"https:\\\/\\\/landecktaxi.com\\\/in-und-auslandsfahrten\\\/#local-main-organization-logo\"},\"image\":{\"@id\":\"https:\\\/\\\/landecktaxi.com\\\/in-und-auslandsfahrten\\\/#local-main-organization-logo\"},\"address\":{\"@id\":\"https:\\\/\\\/landecktaxi.com\\\/in-und-auslandsfahrten\\\/#local-main-place-address\"},\"geo\":{\"@type\":\"GeoCoordinates\",\"latitude\":\"47.138309\",\"longitude\":\"10.278160\"},\"telephone\":[\"+43 660 57 19 900\"],\"openingHoursSpecification\":{\"@type\":\"OpeningHoursSpecification\",\"dayOfWeek\":[\"Monday\",\"Tuesday\",\"Wednesday\",\"Thursday\",\"Friday\",\"Saturday\",\"Sunday\"],\"opens\":\"00:00\",\"closes\":\"23:59\"},\"email\":\"info@taxi-holiday.at\"},{\"@type\":\"PostalAddress\",\"@id\":\"https:\\\/\\\/landecktaxi.com\\\/in-und-auslandsfahrten\\\/#local-main-place-address\",\"streetAddress\":\"Ing.-Gomperz-Weg 32\",\"addressLocality\":\"St. Anton am Arlberg\",\"postalCode\":\"6580\",\"addressRegion\":\"Tirol\",\"addressCountry\":\"AT\"},{\"@type\":\"ImageObject\",\"inLanguage\":\"de\",\"@id\":\"https:\\\/\\\/landecktaxi.com\\\/in-und-auslandsfahrten\\\/#local-main-organization-logo\",\"url\":\"https:\\\/\\\/landecktaxi.com\\\/wp-content\\\/uploads\\\/2023\\\/04\\\/taxi-holiday-fav.png\",\"contentUrl\":\"https:\\\/\\\/landecktaxi.com\\\/wp-content\\\/uploads\\\/2023\\\/04\\\/taxi-holiday-fav.png\",\"width\":700,\"height\":350,\"caption\":\"Landeck Taxi - Flughafen Transfer\"}]}<\/script>\n<meta name=\"geo.placename\" content=\"St. Anton am Arlberg\" \/>\n<meta name=\"geo.position\" content=\"47.138309;10.278160\" \/>\n<meta name=\"geo.region\" content=\"\u00d6sterreich\" \/>\n<!-- \/ Yoast SEO Premium plugin. -->","yoast_head_json":{"title":"In - und Auslandsfahrten - Landeck Taxi - Flughafen Transfer","robots":{"index":"index","follow":"follow","max-snippet":"max-snippet:-1","max-image-preview":"max-image-preview:large","max-video-preview":"max-video-preview:-1"},"canonical":"https:\/\/landecktaxi.com\/de_de\/in-und-auslandsfahrten\/","og_locale":"de_DE","og_type":"article","og_title":"In - und Auslandsfahrten","og_url":"https:\/\/landecktaxi.com\/de_de\/in-und-auslandsfahrten\/","og_site_name":"Landeck Taxi - Flughafen Transfer","article_modified_time":"2024-12-30T06:39:32+00:00","twitter_card":"summary_large_image","twitter_misc":{"Gesch\u00e4tzte Lesezeit":"2\u00a0Minuten"},"schema":{"@context":"https:\/\/schema.org","@graph":[{"@type":"WebPage","@id":"https:\/\/landecktaxi.com\/in-und-auslandsfahrten\/","url":"https:\/\/landecktaxi.com\/in-und-auslandsfahrten\/","name":"In - und Auslandsfahrten - Landeck Taxi - Flughafen Transfer","isPartOf":{"@id":"https:\/\/landecktaxi.com\/#website"},"datePublished":"2023-05-03T22:56:39+00:00","dateModified":"2024-12-30T06:39:32+00:00","breadcrumb":{"@id":"https:\/\/landecktaxi.com\/in-und-auslandsfahrten\/#breadcrumb"},"inLanguage":"de","potentialAction":[{"@type":"ReadAction","target":["https:\/\/landecktaxi.com\/in-und-auslandsfahrten\/"]}]},{"@type":"BreadcrumbList","@id":"https:\/\/landecktaxi.com\/in-und-auslandsfahrten\/#breadcrumb","itemListElement":[{"@type":"ListItem","position":1,"name":"Home","item":"https:\/\/landecktaxi.com\/"},{"@type":"ListItem","position":2,"name":"In &#8211; und Auslandsfahrten"}]},{"@type":"WebSite","@id":"https:\/\/landecktaxi.com\/#website","url":"https:\/\/landecktaxi.com\/","name":"Landeck Taxi - Flughafen Transfer","description":"","publisher":{"@id":"https:\/\/landecktaxi.com\/#organization"},"potentialAction":[{"@type":"SearchAction","target":{"@type":"EntryPoint","urlTemplate":"https:\/\/landecktaxi.com\/?s={search_term_string}"},"query-input":{"@type":"PropertyValueSpecification","valueRequired":true,"valueName":"search_term_string"}}],"inLanguage":"de"},{"@type":["Organization","Place","TaxiStand"],"@id":"https:\/\/landecktaxi.com\/#organization","name":"Landeck Taxi - Flughafen Transfer","url":"https:\/\/landecktaxi.com\/","logo":{"@id":"https:\/\/landecktaxi.com\/in-und-auslandsfahrten\/#local-main-organization-logo"},"image":{"@id":"https:\/\/landecktaxi.com\/in-und-auslandsfahrten\/#local-main-organization-logo"},"address":{"@id":"https:\/\/landecktaxi.com\/in-und-auslandsfahrten\/#local-main-place-address"},"geo":{"@type":"GeoCoordinates","latitude":"47.138309","longitude":"10.278160"},"telephone":["+43 660 57 19 900"],"openingHoursSpecification":{"@type":"OpeningHoursSpecification","dayOfWeek":["Monday","Tuesday","Wednesday","Thursday","Friday","Saturday","Sunday"],"opens":"00:00","closes":"23:59"},"email":"info@taxi-holiday.at"},{"@type":"PostalAddress","@id":"https:\/\/landecktaxi.com\/in-und-auslandsfahrten\/#local-main-place-address","streetAddress":"Ing.-Gomperz-Weg 32","addressLocality":"St. Anton am Arlberg","postalCode":"6580","addressRegion":"Tirol","addressCountry":"AT"},{"@type":"ImageObject","inLanguage":"de","@id":"https:\/\/landecktaxi.com\/in-und-auslandsfahrten\/#local-main-organization-logo","url":"https:\/\/landecktaxi.com\/wp-content\/uploads\/2023\/04\/taxi-holiday-fav.png","contentUrl":"https:\/\/landecktaxi.com\/wp-content\/uploads\/2023\/04\/taxi-holiday-fav.png","width":700,"height":350,"caption":"Landeck Taxi - Flughafen Transfer"}]},"geo.placename":"St. Anton am Arlberg","geo.position":{"lat":"47.138309","long":"10.278160"},"geo.region":"\u00d6sterreich"},"_links":{"self":[{"href":"https:\/\/landecktaxi.com\/de_de\/wp-json\/wp\/v2\/pages\/5398","targetHints":{"allow":["GET"]}}],"collection":[{"href":"https:\/\/landecktaxi.com\/de_de\/wp-json\/wp\/v2\/pages"}],"about":[{"href":"https:\/\/landecktaxi.com\/de_de\/wp-json\/wp\/v2\/types\/page"}],"author":[{"embeddable":true,"href":"https:\/\/landecktaxi.com\/de_de\/wp-json\/wp\/v2\/users\/1"}],"replies":[{"embeddable":true,"href":"https:\/\/landecktaxi.com\/de_de\/wp-json\/wp\/v2\/comments?post=5398"}],"version-history":[{"count":8,"href":"https:\/\/landecktaxi.com\/de_de\/wp-json\/wp\/v2\/pages\/5398\/revisions"}],"predecessor-version":[{"id":5588,"href":"https:\/\/landecktaxi.com\/de_de\/wp-json\/wp\/v2\/pages\/5398\/revisions\/5588"}],"wp:attachment":[{"href":"https:\/\/landecktaxi.com\/de_de\/wp-json\/wp\/v2\/media?parent=5398"}],"curies":[{"name":"wp","href":"https:\/\/api.w.org\/{rel}","templated":true}]}}