{"id":5410,"date":"2023-05-04T01:50:57","date_gmt":"2023-05-03T23:50:57","guid":{"rendered":"https:\/\/taxi-holiday.at\/?page_id=5410"},"modified":"2023-05-04T02:00:10","modified_gmt":"2023-05-04T00:00:10","slug":"flughafentransfer","status":"publish","type":"page","link":"https:\/\/landecktaxi.com\/de_de\/flughafentransfer\/","title":{"rendered":"Flughafentransfer"},"content":{"rendered":"<p style=\"text-align: center;\">Taxi der Holiday<\/p>\n<p>Erfahrene Fahrer und unser Luxus- und VIP-Taxiservice, der Ihnen seit Jahren mit neuem Namen dient, legen wir gr\u00f6\u00dften Wert auf Sicherheit mit unseren Fahrzeugen der Marke Mercedes.<\/p>\n<p style=\"text-align: center;\">Wir k\u00f6nnen Sie problemlos zu allen Flugh\u00e4fen transportieren.<\/p>\n","protected":false},"excerpt":{"rendered":"<p>Taxi der Holiday Erfahrene Fahrer und unser Luxus- und VIP-Taxiservice, der Ihnen seit Jahren mit neuem Namen dient, legen wir gr\u00f6\u00dften Wert auf Sicherheit mit unseren Fahrzeugen der Marke Mercedes. Wir k\u00f6nnen Sie problemlos zu allen Flugh\u00e4fen transportieren.<\/p>\n","protected":false},"author":1,"featured_media":0,"parent":0,"menu_order":0,"comment_status":"closed","ping_status":"closed","template":"","meta":{"_themeisle_gutenberg_block_has_review":false,"footnotes":""},"class_list":["post-5410","page","type-page","status-publish","hentry"],"yoast_head":"<!-- This site is optimized with the Yoast SEO Premium plugin v20.1 (Yoast SEO v27.6) - https:\/\/yoast.com\/product\/yoast-seo-premium-wordpress\/ -->\n<title>Flughafentransfer - Landeck Taxi - Flughafen Transfer<\/title>\n<meta name=\"description\" content=\"Taxi der holiday St Anton Wir k\u00f6nnen Sie problemlos zu allen Flugh\u00e4fen transportieren. Festpreisgarantie und sicher\" \/>\n<meta name=\"robots\" content=\"index, follow, max-snippet:-1, max-image-preview:large, max-video-preview:-1\" \/>\n<link rel=\"canonical\" href=\"https:\/\/landecktaxi.com\/de_de\/flughafentransfer\/\" \/>\n<meta property=\"og:locale\" content=\"de_DE\" \/>\n<meta property=\"og:type\" content=\"article\" \/>\n<meta property=\"og:title\" content=\"Flughafentransfer\" \/>\n<meta property=\"og:description\" content=\"Taxi der holiday St Anton Wir k\u00f6nnen Sie problemlos zu allen Flugh\u00e4fen transportieren. Festpreisgarantie und sicher\" \/>\n<meta property=\"og:url\" content=\"https:\/\/landecktaxi.com\/de_de\/flughafentransfer\/\" \/>\n<meta property=\"og:site_name\" content=\"Landeck Taxi - Flughafen Transfer\" \/>\n<meta property=\"article:modified_time\" content=\"2023-05-04T00:00:10+00:00\" \/>\n<meta name=\"twitter:card\" content=\"summary_large_image\" \/>\n<meta name=\"twitter:label1\" content=\"Gesch\u00e4tzte Lesezeit\" \/>\n\t<meta name=\"twitter:data1\" content=\"1\u00a0Minute\" \/>\n<script type=\"application\/ld+json\" class=\"yoast-schema-graph\">{\"@context\":\"https:\\\/\\\/schema.org\",\"@graph\":[{\"@type\":\"WebPage\",\"@id\":\"https:\\\/\\\/landecktaxi.com\\\/flughafentransfer\\\/\",\"url\":\"https:\\\/\\\/landecktaxi.com\\\/flughafentransfer\\\/\",\"name\":\"Flughafentransfer - Landeck Taxi - Flughafen Transfer\",\"isPartOf\":{\"@id\":\"https:\\\/\\\/landecktaxi.com\\\/#website\"},\"datePublished\":\"2023-05-03T23:50:57+00:00\",\"dateModified\":\"2023-05-04T00:00:10+00:00\",\"description\":\"Taxi der holiday St Anton Wir k\u00f6nnen Sie problemlos zu allen Flugh\u00e4fen transportieren. Festpreisgarantie und sicher\",\"breadcrumb\":{\"@id\":\"https:\\\/\\\/landecktaxi.com\\\/flughafentransfer\\\/#breadcrumb\"},\"inLanguage\":\"de\",\"potentialAction\":[{\"@type\":\"ReadAction\",\"target\":[\"https:\\\/\\\/landecktaxi.com\\\/flughafentransfer\\\/\"]}]},{\"@type\":\"BreadcrumbList\",\"@id\":\"https:\\\/\\\/landecktaxi.com\\\/flughafentransfer\\\/#breadcrumb\",\"itemListElement\":[{\"@type\":\"ListItem\",\"position\":1,\"name\":\"Home\",\"item\":\"https:\\\/\\\/landecktaxi.com\\\/\"},{\"@type\":\"ListItem\",\"position\":2,\"name\":\"Flughafentransfer\"}]},{\"@type\":\"WebSite\",\"@id\":\"https:\\\/\\\/landecktaxi.com\\\/#website\",\"url\":\"https:\\\/\\\/landecktaxi.com\\\/\",\"name\":\"Landeck Taxi - Flughafen Transfer\",\"description\":\"\",\"publisher\":{\"@id\":\"https:\\\/\\\/landecktaxi.com\\\/#organization\"},\"potentialAction\":[{\"@type\":\"SearchAction\",\"target\":{\"@type\":\"EntryPoint\",\"urlTemplate\":\"https:\\\/\\\/landecktaxi.com\\\/?s={search_term_string}\"},\"query-input\":{\"@type\":\"PropertyValueSpecification\",\"valueRequired\":true,\"valueName\":\"search_term_string\"}}],\"inLanguage\":\"de\"},{\"@type\":[\"Organization\",\"Place\",\"TaxiStand\"],\"@id\":\"https:\\\/\\\/landecktaxi.com\\\/#organization\",\"name\":\"Landeck Taxi - Flughafen Transfer\",\"url\":\"https:\\\/\\\/landecktaxi.com\\\/\",\"logo\":{\"@id\":\"https:\\\/\\\/landecktaxi.com\\\/flughafentransfer\\\/#local-main-organization-logo\"},\"image\":{\"@id\":\"https:\\\/\\\/landecktaxi.com\\\/flughafentransfer\\\/#local-main-organization-logo\"},\"address\":{\"@id\":\"https:\\\/\\\/landecktaxi.com\\\/flughafentransfer\\\/#local-main-place-address\"},\"geo\":{\"@type\":\"GeoCoordinates\",\"latitude\":\"47.138309\",\"longitude\":\"10.278160\"},\"telephone\":[\"+43 660 57 19 900\"],\"openingHoursSpecification\":{\"@type\":\"OpeningHoursSpecification\",\"dayOfWeek\":[\"Monday\",\"Tuesday\",\"Wednesday\",\"Thursday\",\"Friday\",\"Saturday\",\"Sunday\"],\"opens\":\"00:00\",\"closes\":\"23:59\"},\"email\":\"info@taxi-holiday.at\"},{\"@type\":\"PostalAddress\",\"@id\":\"https:\\\/\\\/landecktaxi.com\\\/flughafentransfer\\\/#local-main-place-address\",\"streetAddress\":\"Ing.-Gomperz-Weg 32\",\"addressLocality\":\"St. Anton am Arlberg\",\"postalCode\":\"6580\",\"addressRegion\":\"Tirol\",\"addressCountry\":\"AT\"},{\"@type\":\"ImageObject\",\"inLanguage\":\"de\",\"@id\":\"https:\\\/\\\/landecktaxi.com\\\/flughafentransfer\\\/#local-main-organization-logo\",\"url\":\"https:\\\/\\\/landecktaxi.com\\\/wp-content\\\/uploads\\\/2023\\\/04\\\/taxi-holiday-fav.png\",\"contentUrl\":\"https:\\\/\\\/landecktaxi.com\\\/wp-content\\\/uploads\\\/2023\\\/04\\\/taxi-holiday-fav.png\",\"width\":700,\"height\":350,\"caption\":\"Landeck Taxi - Flughafen Transfer\"}]}<\/script>\n<meta name=\"geo.placename\" content=\"St. Anton am Arlberg\" \/>\n<meta name=\"geo.position\" content=\"47.138309;10.278160\" \/>\n<meta name=\"geo.region\" content=\"\u00d6sterreich\" \/>\n<!-- \/ Yoast SEO Premium plugin. -->","yoast_head_json":{"title":"Flughafentransfer - Landeck Taxi - Flughafen Transfer","description":"Taxi der holiday St Anton Wir k\u00f6nnen Sie problemlos zu allen Flugh\u00e4fen transportieren. Festpreisgarantie und sicher","robots":{"index":"index","follow":"follow","max-snippet":"max-snippet:-1","max-image-preview":"max-image-preview:large","max-video-preview":"max-video-preview:-1"},"canonical":"https:\/\/landecktaxi.com\/de_de\/flughafentransfer\/","og_locale":"de_DE","og_type":"article","og_title":"Flughafentransfer","og_description":"Taxi der holiday St Anton Wir k\u00f6nnen Sie problemlos zu allen Flugh\u00e4fen transportieren. Festpreisgarantie und sicher","og_url":"https:\/\/landecktaxi.com\/de_de\/flughafentransfer\/","og_site_name":"Landeck Taxi - Flughafen Transfer","article_modified_time":"2023-05-04T00:00:10+00:00","twitter_card":"summary_large_image","twitter_misc":{"Gesch\u00e4tzte Lesezeit":"1\u00a0Minute"},"schema":{"@context":"https:\/\/schema.org","@graph":[{"@type":"WebPage","@id":"https:\/\/landecktaxi.com\/flughafentransfer\/","url":"https:\/\/landecktaxi.com\/flughafentransfer\/","name":"Flughafentransfer - Landeck Taxi - Flughafen Transfer","isPartOf":{"@id":"https:\/\/landecktaxi.com\/#website"},"datePublished":"2023-05-03T23:50:57+00:00","dateModified":"2023-05-04T00:00:10+00:00","description":"Taxi der holiday St Anton Wir k\u00f6nnen Sie problemlos zu allen Flugh\u00e4fen transportieren. Festpreisgarantie und sicher","breadcrumb":{"@id":"https:\/\/landecktaxi.com\/flughafentransfer\/#breadcrumb"},"inLanguage":"de","potentialAction":[{"@type":"ReadAction","target":["https:\/\/landecktaxi.com\/flughafentransfer\/"]}]},{"@type":"BreadcrumbList","@id":"https:\/\/landecktaxi.com\/flughafentransfer\/#breadcrumb","itemListElement":[{"@type":"ListItem","position":1,"name":"Home","item":"https:\/\/landecktaxi.com\/"},{"@type":"ListItem","position":2,"name":"Flughafentransfer"}]},{"@type":"WebSite","@id":"https:\/\/landecktaxi.com\/#website","url":"https:\/\/landecktaxi.com\/","name":"Landeck Taxi - Flughafen Transfer","description":"","publisher":{"@id":"https:\/\/landecktaxi.com\/#organization"},"potentialAction":[{"@type":"SearchAction","target":{"@type":"EntryPoint","urlTemplate":"https:\/\/landecktaxi.com\/?s={search_term_string}"},"query-input":{"@type":"PropertyValueSpecification","valueRequired":true,"valueName":"search_term_string"}}],"inLanguage":"de"},{"@type":["Organization","Place","TaxiStand"],"@id":"https:\/\/landecktaxi.com\/#organization","name":"Landeck Taxi - Flughafen Transfer","url":"https:\/\/landecktaxi.com\/","logo":{"@id":"https:\/\/landecktaxi.com\/flughafentransfer\/#local-main-organization-logo"},"image":{"@id":"https:\/\/landecktaxi.com\/flughafentransfer\/#local-main-organization-logo"},"address":{"@id":"https:\/\/landecktaxi.com\/flughafentransfer\/#local-main-place-address"},"geo":{"@type":"GeoCoordinates","latitude":"47.138309","longitude":"10.278160"},"telephone":["+43 660 57 19 900"],"openingHoursSpecification":{"@type":"OpeningHoursSpecification","dayOfWeek":["Monday","Tuesday","Wednesday","Thursday","Friday","Saturday","Sunday"],"opens":"00:00","closes":"23:59"},"email":"info@taxi-holiday.at"},{"@type":"PostalAddress","@id":"https:\/\/landecktaxi.com\/flughafentransfer\/#local-main-place-address","streetAddress":"Ing.-Gomperz-Weg 32","addressLocality":"St. Anton am Arlberg","postalCode":"6580","addressRegion":"Tirol","addressCountry":"AT"},{"@type":"ImageObject","inLanguage":"de","@id":"https:\/\/landecktaxi.com\/flughafentransfer\/#local-main-organization-logo","url":"https:\/\/landecktaxi.com\/wp-content\/uploads\/2023\/04\/taxi-holiday-fav.png","contentUrl":"https:\/\/landecktaxi.com\/wp-content\/uploads\/2023\/04\/taxi-holiday-fav.png","width":700,"height":350,"caption":"Landeck Taxi - Flughafen Transfer"}]},"geo.placename":"St. Anton am Arlberg","geo.position":{"lat":"47.138309","long":"10.278160"},"geo.region":"\u00d6sterreich"},"_links":{"self":[{"href":"https:\/\/landecktaxi.com\/de_de\/wp-json\/wp\/v2\/pages\/5410","targetHints":{"allow":["GET"]}}],"collection":[{"href":"https:\/\/landecktaxi.com\/de_de\/wp-json\/wp\/v2\/pages"}],"about":[{"href":"https:\/\/landecktaxi.com\/de_de\/wp-json\/wp\/v2\/types\/page"}],"author":[{"embeddable":true,"href":"https:\/\/landecktaxi.com\/de_de\/wp-json\/wp\/v2\/users\/1"}],"replies":[{"embeddable":true,"href":"https:\/\/landecktaxi.com\/de_de\/wp-json\/wp\/v2\/comments?post=5410"}],"version-history":[{"count":1,"href":"https:\/\/landecktaxi.com\/de_de\/wp-json\/wp\/v2\/pages\/5410\/revisions"}],"predecessor-version":[{"id":5412,"href":"https:\/\/landecktaxi.com\/de_de\/wp-json\/wp\/v2\/pages\/5410\/revisions\/5412"}],"wp:attachment":[{"href":"https:\/\/landecktaxi.com\/de_de\/wp-json\/wp\/v2\/media?parent=5410"}],"curies":[{"name":"wp","href":"https:\/\/api.w.org\/{rel}","templated":true}]}}