{"id":5492,"date":"2023-10-26T07:04:30","date_gmt":"2023-10-26T05:04:30","guid":{"rendered":"https:\/\/taxi-holiday.at\/?page_id=5492"},"modified":"2024-10-28T12:50:57","modified_gmt":"2024-10-28T11:50:57","slug":"von-landeck-nach-alle-flughafen","status":"publish","type":"page","link":"https:\/\/landecktaxi.com\/de_de\/von-landeck-nach-alle-flughafen\/","title":{"rendered":"Von Landeck Nach Alle Flughafen"},"content":{"rendered":"<section class=\"wpb-content-wrapper\"><div class=\"vc-custom-col-spacing clearfix vc-col-spacing-30\"><section class=\"wpb_row vc_row-fluid row-content-position-Default\"><div class=\"logistix-container\"><div class=\"row-inner clearfix\"><div class=\"wpb_column vc_column_container vc_col-sm-3\"><div class=\"vc_column-inner\"><div class=\"wpb_wrapper\"><\/div><\/div><\/div><div class=\"wpb_column vc_column_container vc_col-sm-9\"><div class=\"vc_column-inner\"><div class=\"wpb_wrapper\">\n\t<div class=\"wpb_text_column wpb_content_element \" >\n\t\t<div class=\"wpb_wrapper\">\n\t\t\t<p>Von St. Anton Nach Alle Flughafen<\/p>\n\n\t\t<\/div>\n\t<\/div>\n<\/div><\/div><\/div><\/div><\/div><\/section><\/div><div class=\"vc-custom-col-spacing clearfix vc-col-spacing-30\"><section class=\"wpb_row vc_row-fluid row-content-position-Default\"><div class=\"logistix-container\"><div class=\"row-inner clearfix\"><div class=\"wpb_column vc_column_container vc_col-sm-3\"><div class=\"vc_column-inner\"><div class=\"wpb_wrapper\"><\/div><\/div><\/div><div class=\"wpb_column vc_column_container vc_col-sm-9\"><div class=\"vc_column-inner\"><div class=\"wpb_wrapper\">\n\t<div class=\"wpb_text_column wpb_content_element \" >\n\t\t<div class=\"wpb_wrapper\">\n\t\t\t<p>St. Anton ist ein ber\u00fchmtes Alpendorf mit atemberaubenden Skipisten, nat\u00fcrlicher Sch\u00f6nheit und touristischem Reiz. Das Reisen in diese wundersch\u00f6ne Gegend ist ein Vergn\u00fcgen f\u00fcr Urlauber. Es ist jedoch wichtig, vor oder nach dem Urlaub den Flughafen zu erreichen. Der Taxi-Service von St. Anton zu allen Flugh\u00e4fen bietet eine bequeme, zuverl\u00e4ssige und schnelle Transportm\u00f6glichkeit.<\/p>\n<p>Schneller und zuverl\u00e4ssiger Transport Der Taxi-Service von St. Anton zu allen Flugh\u00e4fen macht Ihre Reiseplanung einfacher und stressfreier. Sie m\u00fcssen nicht stundenlang auf die Planung Ihrer Anreise zum Flughafen warten. Der Taxidienst spart Ihnen Zeit und macht den Beginn oder das Ende Ihres Fluges oder Ihres Urlaubs angenehmer. Dar\u00fcber hinaus kennen die \u00f6rtlichen Taxifahrer die Stra\u00dfen der Region gut, sodass sie den schnellsten und sichersten Weg zum Flughafen w\u00e4hlen.<\/p>\n<p>Bequeme und komfortable Reise Der Taxi-Service von St. Anton zu allen Flugh\u00e4fen bietet eine komfortable Reise. Gro\u00dfe und saubere Fahrzeuge machen Ihre Reise zu einem angenehmen Erlebnis. Sie erreichen den Flughafen, ohne sich um M\u00fcdigkeit oder das Handling Ihrer Skiausr\u00fcstung k\u00fcmmern zu m\u00fcssen. Es stehen auch spezielle Fahrzeuge f\u00fcr Menschen mit eingeschr\u00e4nkter Mobilit\u00e4t und gro\u00dfe Gruppen zur Verf\u00fcgung.<\/p>\n<p>Erschwingliche Preise Der Taxi-Service von St. Anton zu allen Flugh\u00e4fen bietet erschwingliche Preise. Sie k\u00f6nnen den Flughafen erreichen, ohne Ihr Urlaubsbudget zu belasten. Feste Preise und transparente Preiskalkulation sorgen f\u00fcr eine reibungslose Reise ohne unerwartete Aufpreise.<\/p>\n<p>Einfache Buchung Die Buchung des Taxidienstes ist online oder telefonisch einfach durchzuf\u00fchren. So bleibt Ihnen w\u00e4hrend Ihrer gesamten Reise nur noch die Sorge um Ihren angenehmen Urlaub.<\/p>\n<p>Zusammenfassend bietet der Taxi-Service von St. Anton zu allen Flugh\u00e4fen eine bessere Reiseerfahrung in jeder Phase Ihrer Reise. Er ist eine schnelle, zuverl\u00e4ssige, komfortable und erschwingliche Transportm\u00f6glichkeit. Die Wahl dieses Dienstes ist definitiv klug, um Ihren Urlaub noch angenehmer zu gestalten.<\/p>\n<p>Denken Sie daran, der Taxi-Service von St. Anton zu allen Flugh\u00e4fen ist hier, um Sie sicher und p\u00fcnktlich zum Flughafen zu bringen. Stellen Sie sicher, dass Sie die bequeme und problemlose Anreise haben, die Sie ben\u00f6tigen, um Ihren Urlaub zu beginnen oder zu beenden.<\/p>\n\n\t\t<\/div>\n\t<\/div>\n<\/div><\/div><\/div><\/div><\/div><\/section><\/div><div class=\"vc-custom-col-spacing clearfix vc-col-spacing-30\"><section class=\"wpb_row vc_row-fluid row-content-position-Default\"><div class=\"logistix-container\"><div class=\"row-inner clearfix\"><div class=\"wpb_column vc_column_container vc_col-sm-12\"><div class=\"vc_column-inner\"><div class=\"wpb_wrapper\">\r\n\t<div class=\"logistix-spacer clearfix\" data-desktop=\"20\" data-mobi=\"20\" data-smobi=\"20\"><\/div><\/div><\/div><\/div><\/div><\/div><\/section><\/div><div class=\"vc-custom-col-spacing clearfix vc-col-spacing-30\"><section class=\"wpb_row vc_row-fluid row-content-position-Default\"><div class=\"logistix-container\"><div class=\"row-inner clearfix\"><div class=\"wpb_column vc_column_container vc_col-sm-3\"><div class=\"vc_column-inner\"><div class=\"wpb_wrapper\"><\/div><\/div><\/div><div class=\"wpb_column vc_column_container vc_col-sm-9\"><div class=\"vc_column-inner\"><div class=\"wpb_wrapper\"><div class=\"vc_message_box vc_message_box-standard vc_message_box-rounded vc_color-info\" ><div class=\"vc_message_box-icon\"><i class=\"fas fa-plane\"><\/i><\/div><h3><a href=\"https:\/\/taxi-holiday.at\/online-buchnung\/\"><span>Jetzt online buchen<\/span><\/a><\/h3>\n<\/div><\/div><\/div><\/div><\/div><\/div><\/section><\/div>\n<\/section>","protected":false},"excerpt":{"rendered":"Von St. Anton Nach Alle Flughafen St. Anton ist ein ber\u00fchmtes Alpendorf mit atemberaubenden Skipisten, nat\u00fcrlicher Sch\u00f6nheit und touristischem Reiz. Das Reisen in diese wundersch\u00f6ne Gegend ist ein Vergn\u00fcgen f\u00fcr Urlauber. Es ist jedoch wichtig, vor oder nach dem Urlaub den Flughafen zu erreichen. Der Taxi-Service von St. Anton&hellip;","protected":false},"author":1,"featured_media":0,"parent":0,"menu_order":0,"comment_status":"closed","ping_status":"closed","template":"","meta":{"_themeisle_gutenberg_block_has_review":false,"footnotes":""},"class_list":["post-5492","page","type-page","status-publish","hentry"],"yoast_head":"<!-- This site is optimized with the Yoast SEO Premium plugin v20.1 (Yoast SEO v27.6) - https:\/\/yoast.com\/product\/yoast-seo-premium-wordpress\/ -->\n<title>Von Landeck Nach Alle Flughafen - Landeck Taxi - Flughafen Transfer<\/title>\n<meta name=\"description\" content=\"Bequeme und komfortable Reise Der Taxi-Service von St. Anton zu allen Flugh\u00e4fen bietet eine komfortable Reise. Taxi der Holiday St. Anton\" \/>\n<meta name=\"robots\" content=\"index, follow, max-snippet:-1, max-image-preview:large, max-video-preview:-1\" \/>\n<link rel=\"canonical\" href=\"https:\/\/landecktaxi.com\/de_de\/von-landeck-nach-alle-flughafen\/\" \/>\n<meta property=\"og:locale\" content=\"de_DE\" \/>\n<meta property=\"og:type\" content=\"article\" \/>\n<meta property=\"og:title\" content=\"Von Landeck Nach Alle Flughafen\" \/>\n<meta property=\"og:description\" content=\"Bequeme und komfortable Reise Der Taxi-Service von St. Anton zu allen Flugh\u00e4fen bietet eine komfortable Reise. Taxi der Holiday St. Anton\" \/>\n<meta property=\"og:url\" content=\"https:\/\/landecktaxi.com\/de_de\/von-landeck-nach-alle-flughafen\/\" \/>\n<meta property=\"og:site_name\" content=\"Landeck Taxi - Flughafen Transfer\" \/>\n<meta property=\"article:modified_time\" content=\"2024-10-28T11:50:57+00:00\" \/>\n<meta name=\"twitter:card\" content=\"summary_large_image\" \/>\n<meta name=\"twitter:label1\" content=\"Gesch\u00e4tzte Lesezeit\" \/>\n\t<meta name=\"twitter:data1\" content=\"2\u00a0Minuten\" \/>\n<script type=\"application\/ld+json\" class=\"yoast-schema-graph\">{\"@context\":\"https:\\\/\\\/schema.org\",\"@graph\":[{\"@type\":\"WebPage\",\"@id\":\"https:\\\/\\\/landecktaxi.com\\\/von-landeck-nach-alle-flughafen\\\/\",\"url\":\"https:\\\/\\\/landecktaxi.com\\\/von-landeck-nach-alle-flughafen\\\/\",\"name\":\"Von Landeck Nach Alle Flughafen - Landeck Taxi - Flughafen Transfer\",\"isPartOf\":{\"@id\":\"https:\\\/\\\/landecktaxi.com\\\/#website\"},\"datePublished\":\"2023-10-26T05:04:30+00:00\",\"dateModified\":\"2024-10-28T11:50:57+00:00\",\"description\":\"Bequeme und komfortable Reise Der Taxi-Service von St. Anton zu allen Flugh\u00e4fen bietet eine komfortable Reise. Taxi der Holiday St. Anton\",\"breadcrumb\":{\"@id\":\"https:\\\/\\\/landecktaxi.com\\\/von-landeck-nach-alle-flughafen\\\/#breadcrumb\"},\"inLanguage\":\"de\",\"potentialAction\":[{\"@type\":\"ReadAction\",\"target\":[\"https:\\\/\\\/landecktaxi.com\\\/von-landeck-nach-alle-flughafen\\\/\"]}]},{\"@type\":\"BreadcrumbList\",\"@id\":\"https:\\\/\\\/landecktaxi.com\\\/von-landeck-nach-alle-flughafen\\\/#breadcrumb\",\"itemListElement\":[{\"@type\":\"ListItem\",\"position\":1,\"name\":\"Home\",\"item\":\"https:\\\/\\\/landecktaxi.com\\\/\"},{\"@type\":\"ListItem\",\"position\":2,\"name\":\"Von Landeck Nach Alle Flughafen\"}]},{\"@type\":\"WebSite\",\"@id\":\"https:\\\/\\\/landecktaxi.com\\\/#website\",\"url\":\"https:\\\/\\\/landecktaxi.com\\\/\",\"name\":\"Landeck Taxi - Flughafen Transfer\",\"description\":\"\",\"publisher\":{\"@id\":\"https:\\\/\\\/landecktaxi.com\\\/#organization\"},\"potentialAction\":[{\"@type\":\"SearchAction\",\"target\":{\"@type\":\"EntryPoint\",\"urlTemplate\":\"https:\\\/\\\/landecktaxi.com\\\/?s={search_term_string}\"},\"query-input\":{\"@type\":\"PropertyValueSpecification\",\"valueRequired\":true,\"valueName\":\"search_term_string\"}}],\"inLanguage\":\"de\"},{\"@type\":[\"Organization\",\"Place\",\"TaxiStand\"],\"@id\":\"https:\\\/\\\/landecktaxi.com\\\/#organization\",\"name\":\"Landeck Taxi - Flughafen Transfer\",\"url\":\"https:\\\/\\\/landecktaxi.com\\\/\",\"logo\":{\"@id\":\"https:\\\/\\\/landecktaxi.com\\\/von-landeck-nach-alle-flughafen\\\/#local-main-organization-logo\"},\"image\":{\"@id\":\"https:\\\/\\\/landecktaxi.com\\\/von-landeck-nach-alle-flughafen\\\/#local-main-organization-logo\"},\"address\":{\"@id\":\"https:\\\/\\\/landecktaxi.com\\\/von-landeck-nach-alle-flughafen\\\/#local-main-place-address\"},\"geo\":{\"@type\":\"GeoCoordinates\",\"latitude\":\"47.138309\",\"longitude\":\"10.278160\"},\"telephone\":[\"+43 660 57 19 900\"],\"openingHoursSpecification\":{\"@type\":\"OpeningHoursSpecification\",\"dayOfWeek\":[\"Monday\",\"Tuesday\",\"Wednesday\",\"Thursday\",\"Friday\",\"Saturday\",\"Sunday\"],\"opens\":\"00:00\",\"closes\":\"23:59\"},\"email\":\"info@taxi-holiday.at\"},{\"@type\":\"PostalAddress\",\"@id\":\"https:\\\/\\\/landecktaxi.com\\\/von-landeck-nach-alle-flughafen\\\/#local-main-place-address\",\"streetAddress\":\"Ing.-Gomperz-Weg 32\",\"addressLocality\":\"St. Anton am Arlberg\",\"postalCode\":\"6580\",\"addressRegion\":\"Tirol\",\"addressCountry\":\"AT\"},{\"@type\":\"ImageObject\",\"inLanguage\":\"de\",\"@id\":\"https:\\\/\\\/landecktaxi.com\\\/von-landeck-nach-alle-flughafen\\\/#local-main-organization-logo\",\"url\":\"https:\\\/\\\/landecktaxi.com\\\/wp-content\\\/uploads\\\/2023\\\/04\\\/taxi-holiday-fav.png\",\"contentUrl\":\"https:\\\/\\\/landecktaxi.com\\\/wp-content\\\/uploads\\\/2023\\\/04\\\/taxi-holiday-fav.png\",\"width\":700,\"height\":350,\"caption\":\"Landeck Taxi - Flughafen Transfer\"}]}<\/script>\n<meta name=\"geo.placename\" content=\"St. Anton am Arlberg\" \/>\n<meta name=\"geo.position\" content=\"47.138309;10.278160\" \/>\n<meta name=\"geo.region\" content=\"\u00d6sterreich\" \/>\n<!-- \/ Yoast SEO Premium plugin. -->","yoast_head_json":{"title":"Von Landeck Nach Alle Flughafen - Landeck Taxi - Flughafen Transfer","description":"Bequeme und komfortable Reise Der Taxi-Service von St. Anton zu allen Flugh\u00e4fen bietet eine komfortable Reise. Taxi der Holiday St. Anton","robots":{"index":"index","follow":"follow","max-snippet":"max-snippet:-1","max-image-preview":"max-image-preview:large","max-video-preview":"max-video-preview:-1"},"canonical":"https:\/\/landecktaxi.com\/de_de\/von-landeck-nach-alle-flughafen\/","og_locale":"de_DE","og_type":"article","og_title":"Von Landeck Nach Alle Flughafen","og_description":"Bequeme und komfortable Reise Der Taxi-Service von St. Anton zu allen Flugh\u00e4fen bietet eine komfortable Reise. Taxi der Holiday St. Anton","og_url":"https:\/\/landecktaxi.com\/de_de\/von-landeck-nach-alle-flughafen\/","og_site_name":"Landeck Taxi - Flughafen Transfer","article_modified_time":"2024-10-28T11:50:57+00:00","twitter_card":"summary_large_image","twitter_misc":{"Gesch\u00e4tzte Lesezeit":"2\u00a0Minuten"},"schema":{"@context":"https:\/\/schema.org","@graph":[{"@type":"WebPage","@id":"https:\/\/landecktaxi.com\/von-landeck-nach-alle-flughafen\/","url":"https:\/\/landecktaxi.com\/von-landeck-nach-alle-flughafen\/","name":"Von Landeck Nach Alle Flughafen - Landeck Taxi - Flughafen Transfer","isPartOf":{"@id":"https:\/\/landecktaxi.com\/#website"},"datePublished":"2023-10-26T05:04:30+00:00","dateModified":"2024-10-28T11:50:57+00:00","description":"Bequeme und komfortable Reise Der Taxi-Service von St. Anton zu allen Flugh\u00e4fen bietet eine komfortable Reise. Taxi der Holiday St. Anton","breadcrumb":{"@id":"https:\/\/landecktaxi.com\/von-landeck-nach-alle-flughafen\/#breadcrumb"},"inLanguage":"de","potentialAction":[{"@type":"ReadAction","target":["https:\/\/landecktaxi.com\/von-landeck-nach-alle-flughafen\/"]}]},{"@type":"BreadcrumbList","@id":"https:\/\/landecktaxi.com\/von-landeck-nach-alle-flughafen\/#breadcrumb","itemListElement":[{"@type":"ListItem","position":1,"name":"Home","item":"https:\/\/landecktaxi.com\/"},{"@type":"ListItem","position":2,"name":"Von Landeck Nach Alle Flughafen"}]},{"@type":"WebSite","@id":"https:\/\/landecktaxi.com\/#website","url":"https:\/\/landecktaxi.com\/","name":"Landeck Taxi - Flughafen Transfer","description":"","publisher":{"@id":"https:\/\/landecktaxi.com\/#organization"},"potentialAction":[{"@type":"SearchAction","target":{"@type":"EntryPoint","urlTemplate":"https:\/\/landecktaxi.com\/?s={search_term_string}"},"query-input":{"@type":"PropertyValueSpecification","valueRequired":true,"valueName":"search_term_string"}}],"inLanguage":"de"},{"@type":["Organization","Place","TaxiStand"],"@id":"https:\/\/landecktaxi.com\/#organization","name":"Landeck Taxi - Flughafen Transfer","url":"https:\/\/landecktaxi.com\/","logo":{"@id":"https:\/\/landecktaxi.com\/von-landeck-nach-alle-flughafen\/#local-main-organization-logo"},"image":{"@id":"https:\/\/landecktaxi.com\/von-landeck-nach-alle-flughafen\/#local-main-organization-logo"},"address":{"@id":"https:\/\/landecktaxi.com\/von-landeck-nach-alle-flughafen\/#local-main-place-address"},"geo":{"@type":"GeoCoordinates","latitude":"47.138309","longitude":"10.278160"},"telephone":["+43 660 57 19 900"],"openingHoursSpecification":{"@type":"OpeningHoursSpecification","dayOfWeek":["Monday","Tuesday","Wednesday","Thursday","Friday","Saturday","Sunday"],"opens":"00:00","closes":"23:59"},"email":"info@taxi-holiday.at"},{"@type":"PostalAddress","@id":"https:\/\/landecktaxi.com\/von-landeck-nach-alle-flughafen\/#local-main-place-address","streetAddress":"Ing.-Gomperz-Weg 32","addressLocality":"St. Anton am Arlberg","postalCode":"6580","addressRegion":"Tirol","addressCountry":"AT"},{"@type":"ImageObject","inLanguage":"de","@id":"https:\/\/landecktaxi.com\/von-landeck-nach-alle-flughafen\/#local-main-organization-logo","url":"https:\/\/landecktaxi.com\/wp-content\/uploads\/2023\/04\/taxi-holiday-fav.png","contentUrl":"https:\/\/landecktaxi.com\/wp-content\/uploads\/2023\/04\/taxi-holiday-fav.png","width":700,"height":350,"caption":"Landeck Taxi - Flughafen Transfer"}]},"geo.placename":"St. Anton am Arlberg","geo.position":{"lat":"47.138309","long":"10.278160"},"geo.region":"\u00d6sterreich"},"_links":{"self":[{"href":"https:\/\/landecktaxi.com\/de_de\/wp-json\/wp\/v2\/pages\/5492","targetHints":{"allow":["GET"]}}],"collection":[{"href":"https:\/\/landecktaxi.com\/de_de\/wp-json\/wp\/v2\/pages"}],"about":[{"href":"https:\/\/landecktaxi.com\/de_de\/wp-json\/wp\/v2\/types\/page"}],"author":[{"embeddable":true,"href":"https:\/\/landecktaxi.com\/de_de\/wp-json\/wp\/v2\/users\/1"}],"replies":[{"embeddable":true,"href":"https:\/\/landecktaxi.com\/de_de\/wp-json\/wp\/v2\/comments?post=5492"}],"version-history":[{"count":8,"href":"https:\/\/landecktaxi.com\/de_de\/wp-json\/wp\/v2\/pages\/5492\/revisions"}],"predecessor-version":[{"id":5570,"href":"https:\/\/landecktaxi.com\/de_de\/wp-json\/wp\/v2\/pages\/5492\/revisions\/5570"}],"wp:attachment":[{"href":"https:\/\/landecktaxi.com\/de_de\/wp-json\/wp\/v2\/media?parent=5492"}],"curies":[{"name":"wp","href":"https:\/\/api.w.org\/{rel}","templated":true}]}}