{"id":5501,"date":"2023-10-26T07:16:45","date_gmt":"2023-10-26T05:16:45","guid":{"rendered":"https:\/\/taxi-holiday.at\/?page_id=5501"},"modified":"2024-10-28T12:50:29","modified_gmt":"2024-10-28T11:50:29","slug":"landeck-taxi-nach-innsbruck-airport","status":"publish","type":"page","link":"https:\/\/landecktaxi.com\/de_de\/landeck-taxi-nach-innsbruck-airport\/","title":{"rendered":"Landeck Taxi nach Innsbruck Airport"},"content":{"rendered":"<section class=\"wpb-content-wrapper\"><div class=\"vc-custom-col-spacing clearfix vc-col-spacing-30\"><section class=\"wpb_row vc_row-fluid row-content-position-Default\"><div class=\"logistix-container\"><div class=\"row-inner clearfix\"><div class=\"wpb_column vc_column_container vc_col-sm-12\"><div class=\"vc_column-inner\"><div class=\"wpb_wrapper\">\n\t<div class=\"wpb_text_column wpb_content_element \" >\n\t\t<div class=\"wpb_wrapper\">\n\t\t\t<p>Transfer von St. Anton am Arlberg zum Flughafen Innsbruck<\/p>\n<p>Die Fahrt von St. Anton am Arlberg zum Flughafen Innsbruck ist eine gro\u00dfartige M\u00f6glichkeit, die Sch\u00f6nheit dieser beeindruckenden Bergregion zu entdecken und unvergessliche Erinnerungen zu sammeln. Die Wahl des richtigen Transports ist jedoch entscheidend, um Ihre Reise reibungslos und stressfrei zu gestalten. Genau hier kommen wir ins Spiel.<\/p>\n<p>Bequemer und Zuverl\u00e4ssiger Transfer<\/p>\n<p>Wir sind ein spezialisiertes Transferunternehmen, das sich auf den Transport von St. Anton am Arlberg zum Flughafen Innsbruck spezialisiert hat. Unser Ziel ist es, Ihre Reise so angenehm, sicher und komfortabel wie m\u00f6glich zu gestalten. Warum sollten Sie uns w\u00e4hlen:<\/p>\n<p>Professionelle Fahrer: Sie werden von professionellen, erfahrenen und freundlichen Fahrern begleitet. Ihre Sicherheit und Ihr Wohlbefinden haben w\u00e4hrend Ihrer Fahrt oberste Priorit\u00e4t.<\/p>\n<p>Komfortable Fahrzeuge: Unsere Fahrzeuge sind auf Ihren Komfort und Ihre Sicherheit ausgelegt. Mit ger\u00e4umigen Innenr\u00e4umen und moderner Ausstattung tragen sie dazu bei, Ihre Reise angenehm zu gestalten.<\/p>\n<p>P\u00fcnktliche Ankunft: Wir tun alles, um sicherzustellen, dass Sie p\u00fcnktlich am Flughafen Innsbruck ankommen. Wir sind flexibel und passen uns Ihren Flugpl\u00e4nen oder \u00c4nderungen an.<\/p>\n<p>Einfache Buchung: Die Buchung bei uns ist schnell und unkompliziert. Kontaktieren Sie uns einfach, um einen Transferplan zu erstellen, der Ihren Bed\u00fcrfnissen entspricht.<\/p>\n<p>24\/7 Service: Egal, ob Sie fr\u00fch morgens oder sp\u00e4t abends reisen, wir sind rund um die Uhr f\u00fcr Sie da. Wir bieten Ihnen an 7 Tagen in der Woche Unterst\u00fctzung.<\/p>\n<p>Ihr Transfer zum Flughafen Innsbruck ist ein wichtiger Teil Ihrer Reise, um sicherzustellen, dass sie reibungslos und angenehm verl\u00e4uft. Wir k\u00fcmmern uns um alle Details, sodass Sie sich einfach entspannen und Ihre Fahrt genie\u00dfen k\u00f6nnen.<\/p>\n<p>F\u00fcr Buchungen und Fragen stehen wir Ihnen gerne zur Verf\u00fcgung<\/p>\n<p>Z\u00f6gern Sie nicht, uns f\u00fcr Buchungen oder Fragen zu Ihrem Transfer zum Flughafen Innsbruck zu kontaktieren. Wir freuen uns, Ihnen zu helfen und sicherzustellen, dass Ihre Reise problemlos verl\u00e4uft.<\/p>\n<p>Taxi von St. Anton nach Innsbruck Airport<\/p>\n\n\t\t<\/div>\n\t<\/div>\n\r\n\t<div class=\"logistix-spacer clearfix\" data-desktop=\"20\" data-mobi=\"20\" data-smobi=\"20\"><\/div><\/div><\/div><\/div><\/div><\/div><\/section><\/div><div class=\"vc-custom-col-spacing clearfix vc-col-spacing-30\"><section class=\"wpb_row vc_row-fluid row-content-position-Default\"><div class=\"logistix-container\"><div class=\"row-inner clearfix\"><div class=\"wpb_column vc_column_container vc_col-sm-12\"><div class=\"vc_column-inner\"><div class=\"wpb_wrapper\">\n\t<div class=\"wpb_raw_code wpb_content_element wpb_raw_html\" >\n\t\t<div class=\"wpb_wrapper\">\n\t\t\t<iframe src=\"https:\/\/taxi-holiday.at\/booking\/iframe?ID=6536fe3973494&lang=de\" style=\"width:100%;height:1150px;\"><\/iframe>\n\t\t<\/div>\n\t<\/div>\n<\/div><\/div><\/div><\/div><\/div><\/section><\/div>\n<\/section>","protected":false},"excerpt":{"rendered":"Transfer von St. Anton am Arlberg zum Flughafen Innsbruck Die Fahrt von St. Anton am Arlberg zum Flughafen Innsbruck ist eine gro\u00dfartige M\u00f6glichkeit, die Sch\u00f6nheit dieser beeindruckenden Bergregion zu entdecken und unvergessliche Erinnerungen zu sammeln. Die Wahl des richtigen Transports ist jedoch entscheidend, um Ihre Reise reibungslos und stressfrei&hellip;","protected":false},"author":1,"featured_media":0,"parent":0,"menu_order":0,"comment_status":"closed","ping_status":"closed","template":"","meta":{"_themeisle_gutenberg_block_has_review":false,"footnotes":""},"class_list":["post-5501","page","type-page","status-publish","hentry"],"yoast_head":"<!-- This site is optimized with the Yoast SEO Premium plugin v20.1 (Yoast SEO v27.6) - https:\/\/yoast.com\/product\/yoast-seo-premium-wordpress\/ -->\n<title>Landeck Taxi nach Innsbruck Airport - Landeck Taxi - Flughafen Transfer<\/title>\n<meta name=\"description\" content=\"F\u00fcr eine reibungslose und sichere Reise vom St. Anton-Gebiet zum Flughafen Innsbruck ist Taxi Holiday immer hier Taxi Holiday St. Anton\" \/>\n<meta name=\"robots\" content=\"index, follow, max-snippet:-1, max-image-preview:large, max-video-preview:-1\" \/>\n<link rel=\"canonical\" href=\"https:\/\/landecktaxi.com\/de_de\/landeck-taxi-nach-innsbruck-airport\/\" \/>\n<meta property=\"og:locale\" content=\"de_DE\" \/>\n<meta property=\"og:type\" content=\"article\" \/>\n<meta property=\"og:title\" content=\"Landeck Taxi nach Innsbruck Airport\" \/>\n<meta property=\"og:description\" content=\"F\u00fcr eine reibungslose und sichere Reise vom St. Anton-Gebiet zum Flughafen Innsbruck ist Taxi Holiday immer hier Taxi Holiday St. Anton\" \/>\n<meta property=\"og:url\" content=\"https:\/\/landecktaxi.com\/de_de\/landeck-taxi-nach-innsbruck-airport\/\" \/>\n<meta property=\"og:site_name\" content=\"Landeck Taxi - Flughafen Transfer\" \/>\n<meta property=\"article:modified_time\" content=\"2024-10-28T11:50:29+00:00\" \/>\n<meta name=\"twitter:card\" content=\"summary_large_image\" \/>\n<meta name=\"twitter:label1\" content=\"Gesch\u00e4tzte Lesezeit\" \/>\n\t<meta name=\"twitter:data1\" content=\"2\u00a0Minuten\" \/>\n<script type=\"application\/ld+json\" class=\"yoast-schema-graph\">{\"@context\":\"https:\\\/\\\/schema.org\",\"@graph\":[{\"@type\":\"WebPage\",\"@id\":\"https:\\\/\\\/landecktaxi.com\\\/landeck-taxi-nach-innsbruck-airport\\\/\",\"url\":\"https:\\\/\\\/landecktaxi.com\\\/landeck-taxi-nach-innsbruck-airport\\\/\",\"name\":\"Landeck Taxi nach Innsbruck Airport - Landeck Taxi - Flughafen Transfer\",\"isPartOf\":{\"@id\":\"https:\\\/\\\/landecktaxi.com\\\/#website\"},\"datePublished\":\"2023-10-26T05:16:45+00:00\",\"dateModified\":\"2024-10-28T11:50:29+00:00\",\"description\":\"F\u00fcr eine reibungslose und sichere Reise vom St. Anton-Gebiet zum Flughafen Innsbruck ist Taxi Holiday immer hier Taxi Holiday St. Anton\",\"breadcrumb\":{\"@id\":\"https:\\\/\\\/landecktaxi.com\\\/landeck-taxi-nach-innsbruck-airport\\\/#breadcrumb\"},\"inLanguage\":\"de\",\"potentialAction\":[{\"@type\":\"ReadAction\",\"target\":[\"https:\\\/\\\/landecktaxi.com\\\/landeck-taxi-nach-innsbruck-airport\\\/\"]}]},{\"@type\":\"BreadcrumbList\",\"@id\":\"https:\\\/\\\/landecktaxi.com\\\/landeck-taxi-nach-innsbruck-airport\\\/#breadcrumb\",\"itemListElement\":[{\"@type\":\"ListItem\",\"position\":1,\"name\":\"Home\",\"item\":\"https:\\\/\\\/landecktaxi.com\\\/\"},{\"@type\":\"ListItem\",\"position\":2,\"name\":\"Landeck Taxi nach Innsbruck Airport\"}]},{\"@type\":\"WebSite\",\"@id\":\"https:\\\/\\\/landecktaxi.com\\\/#website\",\"url\":\"https:\\\/\\\/landecktaxi.com\\\/\",\"name\":\"Landeck Taxi - Flughafen Transfer\",\"description\":\"\",\"publisher\":{\"@id\":\"https:\\\/\\\/landecktaxi.com\\\/#organization\"},\"potentialAction\":[{\"@type\":\"SearchAction\",\"target\":{\"@type\":\"EntryPoint\",\"urlTemplate\":\"https:\\\/\\\/landecktaxi.com\\\/?s={search_term_string}\"},\"query-input\":{\"@type\":\"PropertyValueSpecification\",\"valueRequired\":true,\"valueName\":\"search_term_string\"}}],\"inLanguage\":\"de\"},{\"@type\":[\"Organization\",\"Place\",\"TaxiStand\"],\"@id\":\"https:\\\/\\\/landecktaxi.com\\\/#organization\",\"name\":\"Landeck Taxi - Flughafen Transfer\",\"url\":\"https:\\\/\\\/landecktaxi.com\\\/\",\"logo\":{\"@id\":\"https:\\\/\\\/landecktaxi.com\\\/landeck-taxi-nach-innsbruck-airport\\\/#local-main-organization-logo\"},\"image\":{\"@id\":\"https:\\\/\\\/landecktaxi.com\\\/landeck-taxi-nach-innsbruck-airport\\\/#local-main-organization-logo\"},\"address\":{\"@id\":\"https:\\\/\\\/landecktaxi.com\\\/landeck-taxi-nach-innsbruck-airport\\\/#local-main-place-address\"},\"geo\":{\"@type\":\"GeoCoordinates\",\"latitude\":\"47.138309\",\"longitude\":\"10.278160\"},\"telephone\":[\"+43 660 57 19 900\"],\"openingHoursSpecification\":{\"@type\":\"OpeningHoursSpecification\",\"dayOfWeek\":[\"Monday\",\"Tuesday\",\"Wednesday\",\"Thursday\",\"Friday\",\"Saturday\",\"Sunday\"],\"opens\":\"00:00\",\"closes\":\"23:59\"},\"email\":\"info@taxi-holiday.at\"},{\"@type\":\"PostalAddress\",\"@id\":\"https:\\\/\\\/landecktaxi.com\\\/landeck-taxi-nach-innsbruck-airport\\\/#local-main-place-address\",\"streetAddress\":\"Ing.-Gomperz-Weg 32\",\"addressLocality\":\"St. Anton am Arlberg\",\"postalCode\":\"6580\",\"addressRegion\":\"Tirol\",\"addressCountry\":\"AT\"},{\"@type\":\"ImageObject\",\"inLanguage\":\"de\",\"@id\":\"https:\\\/\\\/landecktaxi.com\\\/landeck-taxi-nach-innsbruck-airport\\\/#local-main-organization-logo\",\"url\":\"https:\\\/\\\/landecktaxi.com\\\/wp-content\\\/uploads\\\/2023\\\/04\\\/taxi-holiday-fav.png\",\"contentUrl\":\"https:\\\/\\\/landecktaxi.com\\\/wp-content\\\/uploads\\\/2023\\\/04\\\/taxi-holiday-fav.png\",\"width\":700,\"height\":350,\"caption\":\"Landeck Taxi - Flughafen Transfer\"}]}<\/script>\n<meta name=\"geo.placename\" content=\"St. Anton am Arlberg\" \/>\n<meta name=\"geo.position\" content=\"47.138309;10.278160\" \/>\n<meta name=\"geo.region\" content=\"\u00d6sterreich\" \/>\n<!-- \/ Yoast SEO Premium plugin. -->","yoast_head_json":{"title":"Landeck Taxi nach Innsbruck Airport - Landeck Taxi - Flughafen Transfer","description":"F\u00fcr eine reibungslose und sichere Reise vom St. Anton-Gebiet zum Flughafen Innsbruck ist Taxi Holiday immer hier Taxi Holiday St. Anton","robots":{"index":"index","follow":"follow","max-snippet":"max-snippet:-1","max-image-preview":"max-image-preview:large","max-video-preview":"max-video-preview:-1"},"canonical":"https:\/\/landecktaxi.com\/de_de\/landeck-taxi-nach-innsbruck-airport\/","og_locale":"de_DE","og_type":"article","og_title":"Landeck Taxi nach Innsbruck Airport","og_description":"F\u00fcr eine reibungslose und sichere Reise vom St. Anton-Gebiet zum Flughafen Innsbruck ist Taxi Holiday immer hier Taxi Holiday St. Anton","og_url":"https:\/\/landecktaxi.com\/de_de\/landeck-taxi-nach-innsbruck-airport\/","og_site_name":"Landeck Taxi - Flughafen Transfer","article_modified_time":"2024-10-28T11:50:29+00:00","twitter_card":"summary_large_image","twitter_misc":{"Gesch\u00e4tzte Lesezeit":"2\u00a0Minuten"},"schema":{"@context":"https:\/\/schema.org","@graph":[{"@type":"WebPage","@id":"https:\/\/landecktaxi.com\/landeck-taxi-nach-innsbruck-airport\/","url":"https:\/\/landecktaxi.com\/landeck-taxi-nach-innsbruck-airport\/","name":"Landeck Taxi nach Innsbruck Airport - Landeck Taxi - Flughafen Transfer","isPartOf":{"@id":"https:\/\/landecktaxi.com\/#website"},"datePublished":"2023-10-26T05:16:45+00:00","dateModified":"2024-10-28T11:50:29+00:00","description":"F\u00fcr eine reibungslose und sichere Reise vom St. Anton-Gebiet zum Flughafen Innsbruck ist Taxi Holiday immer hier Taxi Holiday St. Anton","breadcrumb":{"@id":"https:\/\/landecktaxi.com\/landeck-taxi-nach-innsbruck-airport\/#breadcrumb"},"inLanguage":"de","potentialAction":[{"@type":"ReadAction","target":["https:\/\/landecktaxi.com\/landeck-taxi-nach-innsbruck-airport\/"]}]},{"@type":"BreadcrumbList","@id":"https:\/\/landecktaxi.com\/landeck-taxi-nach-innsbruck-airport\/#breadcrumb","itemListElement":[{"@type":"ListItem","position":1,"name":"Home","item":"https:\/\/landecktaxi.com\/"},{"@type":"ListItem","position":2,"name":"Landeck Taxi nach Innsbruck Airport"}]},{"@type":"WebSite","@id":"https:\/\/landecktaxi.com\/#website","url":"https:\/\/landecktaxi.com\/","name":"Landeck Taxi - Flughafen Transfer","description":"","publisher":{"@id":"https:\/\/landecktaxi.com\/#organization"},"potentialAction":[{"@type":"SearchAction","target":{"@type":"EntryPoint","urlTemplate":"https:\/\/landecktaxi.com\/?s={search_term_string}"},"query-input":{"@type":"PropertyValueSpecification","valueRequired":true,"valueName":"search_term_string"}}],"inLanguage":"de"},{"@type":["Organization","Place","TaxiStand"],"@id":"https:\/\/landecktaxi.com\/#organization","name":"Landeck Taxi - Flughafen Transfer","url":"https:\/\/landecktaxi.com\/","logo":{"@id":"https:\/\/landecktaxi.com\/landeck-taxi-nach-innsbruck-airport\/#local-main-organization-logo"},"image":{"@id":"https:\/\/landecktaxi.com\/landeck-taxi-nach-innsbruck-airport\/#local-main-organization-logo"},"address":{"@id":"https:\/\/landecktaxi.com\/landeck-taxi-nach-innsbruck-airport\/#local-main-place-address"},"geo":{"@type":"GeoCoordinates","latitude":"47.138309","longitude":"10.278160"},"telephone":["+43 660 57 19 900"],"openingHoursSpecification":{"@type":"OpeningHoursSpecification","dayOfWeek":["Monday","Tuesday","Wednesday","Thursday","Friday","Saturday","Sunday"],"opens":"00:00","closes":"23:59"},"email":"info@taxi-holiday.at"},{"@type":"PostalAddress","@id":"https:\/\/landecktaxi.com\/landeck-taxi-nach-innsbruck-airport\/#local-main-place-address","streetAddress":"Ing.-Gomperz-Weg 32","addressLocality":"St. Anton am Arlberg","postalCode":"6580","addressRegion":"Tirol","addressCountry":"AT"},{"@type":"ImageObject","inLanguage":"de","@id":"https:\/\/landecktaxi.com\/landeck-taxi-nach-innsbruck-airport\/#local-main-organization-logo","url":"https:\/\/landecktaxi.com\/wp-content\/uploads\/2023\/04\/taxi-holiday-fav.png","contentUrl":"https:\/\/landecktaxi.com\/wp-content\/uploads\/2023\/04\/taxi-holiday-fav.png","width":700,"height":350,"caption":"Landeck Taxi - Flughafen Transfer"}]},"geo.placename":"St. Anton am Arlberg","geo.position":{"lat":"47.138309","long":"10.278160"},"geo.region":"\u00d6sterreich"},"_links":{"self":[{"href":"https:\/\/landecktaxi.com\/de_de\/wp-json\/wp\/v2\/pages\/5501","targetHints":{"allow":["GET"]}}],"collection":[{"href":"https:\/\/landecktaxi.com\/de_de\/wp-json\/wp\/v2\/pages"}],"about":[{"href":"https:\/\/landecktaxi.com\/de_de\/wp-json\/wp\/v2\/types\/page"}],"author":[{"embeddable":true,"href":"https:\/\/landecktaxi.com\/de_de\/wp-json\/wp\/v2\/users\/1"}],"replies":[{"embeddable":true,"href":"https:\/\/landecktaxi.com\/de_de\/wp-json\/wp\/v2\/comments?post=5501"}],"version-history":[{"count":6,"href":"https:\/\/landecktaxi.com\/de_de\/wp-json\/wp\/v2\/pages\/5501\/revisions"}],"predecessor-version":[{"id":5568,"href":"https:\/\/landecktaxi.com\/de_de\/wp-json\/wp\/v2\/pages\/5501\/revisions\/5568"}],"wp:attachment":[{"href":"https:\/\/landecktaxi.com\/de_de\/wp-json\/wp\/v2\/media?parent=5501"}],"curies":[{"name":"wp","href":"https:\/\/api.w.org\/{rel}","templated":true}]}}