{"id":5507,"date":"2023-10-26T07:26:56","date_gmt":"2023-10-26T05:26:56","guid":{"rendered":"https:\/\/taxi-holiday.at\/?page_id=5507"},"modified":"2024-10-28T12:50:02","modified_gmt":"2024-10-28T11:50:02","slug":"landeck-taxi-nach-muenchen-flughafen","status":"publish","type":"page","link":"https:\/\/landecktaxi.com\/de_de\/landeck-taxi-nach-muenchen-flughafen\/","title":{"rendered":"Landeck Taxi Nach M\u00fcnchen Flughafen"},"content":{"rendered":"<section class=\"wpb-content-wrapper\"><div class=\"vc-custom-col-spacing clearfix vc-col-spacing-30\"><section class=\"wpb_row vc_row-fluid row-content-position-Default\"><div class=\"logistix-container\"><div class=\"row-inner clearfix\"><div class=\"wpb_column vc_column_container vc_col-sm-12\"><div class=\"vc_column-inner\"><div class=\"wpb_wrapper\">\n\t<div class=\"wpb_text_column wpb_content_element \" >\n\t\t<div class=\"wpb_wrapper\">\n\t\t\t<p>Taxi con St. Anton Nach M\u00fcnchen Flughafen<\/p>\n<p>&nbsp;<\/p>\n<p>Taxi-Service von St. Anton am Arlberg zum Flughafen M\u00fcnchen: Reibungsloser und sicherer Transport<\/p>\n<p>M\u00fcnchen beherbergt einen der verkehrsreichsten Flugh\u00e4fen Deutschlands, und die Reise von der pr\u00e4chtigen Alpenregion St. Anton am Arlberg zum Flughafen M\u00fcnchen ist eine beliebte Route f\u00fcr Reisende, die die Sch\u00f6nheit der Region erkunden m\u00f6chten. Langstreckenreisen wie diese k\u00f6nnen jedoch manchmal eine Herausforderung darstellen, und es ist wichtig, jeden Aspekt Ihrer Reise zu ber\u00fccksichtigen. Hier sind einige wichtige Vorteile des Taxi-Service von St. Anton am Arlberg zum Flughafen M\u00fcnchen, die Ihre Reise einfacher und komfortabler gestalten:<\/p>\n<h3>Schnelligkeit und Komfort<\/h3>\n<p>Ein Taxi-Service von St. Anton am Arlberg zum Flughafen M\u00fcnchen bietet eine schnelle und komfortable Reise. Anstatt stundenlang in \u00f6ffentlichen Verkehrsmitteln zu reisen, k\u00f6nnen Sie den Flughafen in Ihrem eigenen Tempo und im Komfort eines privaten Taxis erreichen. Taxis sind oft eine bequemere und komfortablere Option, insbesondere f\u00fcr Gruppen oder Familien.<\/p>\n<h3>Sicherheit und Erfahrung<\/h3>\n<p>Taxi-Services werden von erfahrenen und zuverl\u00e4ssigen Fahrern angeboten, die mit der Region vertraut sind und eine sichere Reise zum Flughafen gew\u00e4hrleisten. Insbesondere in den Wintermonaten ist ein erfahrener Fahrer, der mit schneebedeckten und vereisten Stra\u00dfen umgehen kann, von gro\u00dfer Bedeutung.<\/p>\n<h3>Service, wann immer Sie m\u00f6chten<\/h3>\n<p>Ein Taxi-Service bietet Ihnen Transport nach Ihren W\u00fcnschen. Ob vom Flughafen zu Ihrem Hotel oder zu einem beliebigen Ort in St. Anton am Arlberg, Sie k\u00f6nnen den Transferservice zu einem Zeitpunkt erhalten, der Ihnen passt. Sie k\u00f6nnen Ihren eigenen Reiseplan erstellen, ohne auf die Zeitpl\u00e4ne oder Tarife anderer angewiesen zu sein.<\/p>\n<h3>Anpassung an besondere Bed\u00fcrfnisse<\/h3>\n<p>Taxi-Services sind auch f\u00fcr Passagiere mit besonderen Bed\u00fcrfnissen geeignet. Sie bieten Fahrzeuge, die f\u00fcr behinderte Passagiere, S\u00e4uglinge, Kinder oder gro\u00dfe Gruppen ausgestattet sind, einschlie\u00dflich Annehmlichkeiten wie Kindersitzen. Dies stellt sicher, dass Reisende aller Art eine komfortable Reise haben.<\/p>\n<h3>Problemlose Buchung<\/h3>\n<p>Die Buchung eines Taxi-Services von St. Anton am Arlberg zum Flughafen M\u00fcnchen ist einfach und kann online oder telefonisch erfolgen. Dies erm\u00f6glicht es Ihnen, Ihre Reise im Voraus zu planen und zu reservieren, sodass Sie nicht warten m\u00fcssen, wenn Sie bereit sind, loszulegen.<\/p>\n<p>Zusammenfassend l\u00e4sst sich sagen, dass ein Taxi-Service von St. Anton am Arlberg zum Flughafen M\u00fcnchen eine ausgezeichnete Wahl f\u00fcr Ihre Langstreckenreise ist. Er bietet Schnelligkeit, Komfort, Sicherheit und Flexibilit\u00e4t. Mit diesem Service k\u00f6nnen Sie jeden Moment Ihrer Reise genie\u00dfen und sicher den Flughafen M\u00fcnchen erreichen. Denken Sie daran, ein Taxi zu nehmen, um den Anfang oder das Ende Ihres Urlaubs noch besonderer zu gestalten.<\/p>\n\n\t\t<\/div>\n\t<\/div>\n\r\n\t<div class=\"logistix-spacer clearfix\" data-desktop=\"30\" data-mobi=\"30\" data-smobi=\"30\"><\/div><\/div><\/div><\/div><\/div><\/div><\/section><\/div><div class=\"vc-custom-col-spacing clearfix vc-col-spacing-30\"><section class=\"wpb_row vc_row-fluid row-content-position-Default\"><div class=\"logistix-container\"><div class=\"row-inner clearfix\"><div class=\"wpb_column vc_column_container vc_col-sm-12\"><div class=\"vc_column-inner\"><div class=\"wpb_wrapper\">\n\t<div class=\"wpb_raw_code wpb_content_element wpb_raw_html\" >\n\t\t<div class=\"wpb_wrapper\">\n\t\t\t<iframe src=\"https:\/\/taxi-holiday.at\/booking\/iframe?ID=6536fe3973494&lang=de\" style=\"width:100%;height:1150px;\"><\/iframe>\n\t\t<\/div>\n\t<\/div>\n<\/div><\/div><\/div><\/div><\/div><\/section><\/div>\n<\/section>","protected":false},"excerpt":{"rendered":"Taxi con St. Anton Nach M\u00fcnchen Flughafen &nbsp; Taxi-Service von St. Anton am Arlberg zum Flughafen M\u00fcnchen: Reibungsloser und sicherer Transport M\u00fcnchen beherbergt einen der verkehrsreichsten Flugh\u00e4fen Deutschlands, und die Reise von der pr\u00e4chtigen Alpenregion St. Anton am Arlberg zum Flughafen M\u00fcnchen ist eine beliebte Route f\u00fcr Reisende, die&hellip;","protected":false},"author":1,"featured_media":0,"parent":0,"menu_order":0,"comment_status":"closed","ping_status":"closed","template":"","meta":{"_themeisle_gutenberg_block_has_review":false,"footnotes":""},"class_list":["post-5507","page","type-page","status-publish","hentry"],"yoast_head":"<!-- This site is optimized with the Yoast SEO Premium plugin v20.1 (Yoast SEO v27.6) - https:\/\/yoast.com\/product\/yoast-seo-premium-wordpress\/ -->\n<title>Landeck Taxi Nach M\u00fcnchen Flughafen - Landeck Taxi - Flughafen Transfer<\/title>\n<meta name=\"description\" content=\"Taxi-Service von St. Anton am Arlberg nach M\u00fcnchen Flughafen 24 Stunden am Tag, 7 Tage die Woche Service Taxi Holiday\" \/>\n<meta name=\"robots\" content=\"index, follow, max-snippet:-1, max-image-preview:large, max-video-preview:-1\" \/>\n<link rel=\"canonical\" href=\"https:\/\/landecktaxi.com\/de_de\/landeck-taxi-nach-muenchen-flughafen\/\" \/>\n<meta property=\"og:locale\" content=\"de_DE\" \/>\n<meta property=\"og:type\" content=\"article\" \/>\n<meta property=\"og:title\" content=\"Landeck Taxi Nach M\u00fcnchen Flughafen\" \/>\n<meta property=\"og:description\" content=\"Taxi-Service von St. Anton am Arlberg nach M\u00fcnchen Flughafen 24 Stunden am Tag, 7 Tage die Woche Service Taxi Holiday\" \/>\n<meta property=\"og:url\" content=\"https:\/\/landecktaxi.com\/de_de\/landeck-taxi-nach-muenchen-flughafen\/\" \/>\n<meta property=\"og:site_name\" content=\"Landeck Taxi - Flughafen Transfer\" \/>\n<meta property=\"article:modified_time\" content=\"2024-10-28T11:50:02+00:00\" \/>\n<meta name=\"twitter:card\" content=\"summary_large_image\" \/>\n<meta name=\"twitter:label1\" content=\"Gesch\u00e4tzte Lesezeit\" \/>\n\t<meta name=\"twitter:data1\" content=\"3\u00a0Minuten\" \/>\n<script type=\"application\/ld+json\" class=\"yoast-schema-graph\">{\"@context\":\"https:\\\/\\\/schema.org\",\"@graph\":[{\"@type\":\"WebPage\",\"@id\":\"https:\\\/\\\/landecktaxi.com\\\/landeck-taxi-nach-muenchen-flughafen\\\/\",\"url\":\"https:\\\/\\\/landecktaxi.com\\\/landeck-taxi-nach-muenchen-flughafen\\\/\",\"name\":\"Landeck Taxi Nach M\u00fcnchen Flughafen - Landeck Taxi - Flughafen Transfer\",\"isPartOf\":{\"@id\":\"https:\\\/\\\/landecktaxi.com\\\/#website\"},\"datePublished\":\"2023-10-26T05:26:56+00:00\",\"dateModified\":\"2024-10-28T11:50:02+00:00\",\"description\":\"Taxi-Service von St. Anton am Arlberg nach M\u00fcnchen Flughafen 24 Stunden am Tag, 7 Tage die Woche Service Taxi Holiday\",\"breadcrumb\":{\"@id\":\"https:\\\/\\\/landecktaxi.com\\\/landeck-taxi-nach-muenchen-flughafen\\\/#breadcrumb\"},\"inLanguage\":\"de\",\"potentialAction\":[{\"@type\":\"ReadAction\",\"target\":[\"https:\\\/\\\/landecktaxi.com\\\/landeck-taxi-nach-muenchen-flughafen\\\/\"]}]},{\"@type\":\"BreadcrumbList\",\"@id\":\"https:\\\/\\\/landecktaxi.com\\\/landeck-taxi-nach-muenchen-flughafen\\\/#breadcrumb\",\"itemListElement\":[{\"@type\":\"ListItem\",\"position\":1,\"name\":\"Home\",\"item\":\"https:\\\/\\\/landecktaxi.com\\\/\"},{\"@type\":\"ListItem\",\"position\":2,\"name\":\"Landeck Taxi Nach M\u00fcnchen Flughafen\"}]},{\"@type\":\"WebSite\",\"@id\":\"https:\\\/\\\/landecktaxi.com\\\/#website\",\"url\":\"https:\\\/\\\/landecktaxi.com\\\/\",\"name\":\"Landeck Taxi - Flughafen Transfer\",\"description\":\"\",\"publisher\":{\"@id\":\"https:\\\/\\\/landecktaxi.com\\\/#organization\"},\"potentialAction\":[{\"@type\":\"SearchAction\",\"target\":{\"@type\":\"EntryPoint\",\"urlTemplate\":\"https:\\\/\\\/landecktaxi.com\\\/?s={search_term_string}\"},\"query-input\":{\"@type\":\"PropertyValueSpecification\",\"valueRequired\":true,\"valueName\":\"search_term_string\"}}],\"inLanguage\":\"de\"},{\"@type\":[\"Organization\",\"Place\",\"TaxiStand\"],\"@id\":\"https:\\\/\\\/landecktaxi.com\\\/#organization\",\"name\":\"Landeck Taxi - Flughafen Transfer\",\"url\":\"https:\\\/\\\/landecktaxi.com\\\/\",\"logo\":{\"@id\":\"https:\\\/\\\/landecktaxi.com\\\/landeck-taxi-nach-muenchen-flughafen\\\/#local-main-organization-logo\"},\"image\":{\"@id\":\"https:\\\/\\\/landecktaxi.com\\\/landeck-taxi-nach-muenchen-flughafen\\\/#local-main-organization-logo\"},\"address\":{\"@id\":\"https:\\\/\\\/landecktaxi.com\\\/landeck-taxi-nach-muenchen-flughafen\\\/#local-main-place-address\"},\"geo\":{\"@type\":\"GeoCoordinates\",\"latitude\":\"47.138309\",\"longitude\":\"10.278160\"},\"telephone\":[\"+43 660 57 19 900\"],\"openingHoursSpecification\":{\"@type\":\"OpeningHoursSpecification\",\"dayOfWeek\":[\"Monday\",\"Tuesday\",\"Wednesday\",\"Thursday\",\"Friday\",\"Saturday\",\"Sunday\"],\"opens\":\"00:00\",\"closes\":\"23:59\"},\"email\":\"info@taxi-holiday.at\"},{\"@type\":\"PostalAddress\",\"@id\":\"https:\\\/\\\/landecktaxi.com\\\/landeck-taxi-nach-muenchen-flughafen\\\/#local-main-place-address\",\"streetAddress\":\"Ing.-Gomperz-Weg 32\",\"addressLocality\":\"St. Anton am Arlberg\",\"postalCode\":\"6580\",\"addressRegion\":\"Tirol\",\"addressCountry\":\"AT\"},{\"@type\":\"ImageObject\",\"inLanguage\":\"de\",\"@id\":\"https:\\\/\\\/landecktaxi.com\\\/landeck-taxi-nach-muenchen-flughafen\\\/#local-main-organization-logo\",\"url\":\"https:\\\/\\\/landecktaxi.com\\\/wp-content\\\/uploads\\\/2023\\\/04\\\/taxi-holiday-fav.png\",\"contentUrl\":\"https:\\\/\\\/landecktaxi.com\\\/wp-content\\\/uploads\\\/2023\\\/04\\\/taxi-holiday-fav.png\",\"width\":700,\"height\":350,\"caption\":\"Landeck Taxi - Flughafen Transfer\"}]}<\/script>\n<meta name=\"geo.placename\" content=\"St. Anton am Arlberg\" \/>\n<meta name=\"geo.position\" content=\"47.138309;10.278160\" \/>\n<meta name=\"geo.region\" content=\"\u00d6sterreich\" \/>\n<!-- \/ Yoast SEO Premium plugin. -->","yoast_head_json":{"title":"Landeck Taxi Nach M\u00fcnchen Flughafen - Landeck Taxi - Flughafen Transfer","description":"Taxi-Service von St. Anton am Arlberg nach M\u00fcnchen Flughafen 24 Stunden am Tag, 7 Tage die Woche Service Taxi Holiday","robots":{"index":"index","follow":"follow","max-snippet":"max-snippet:-1","max-image-preview":"max-image-preview:large","max-video-preview":"max-video-preview:-1"},"canonical":"https:\/\/landecktaxi.com\/de_de\/landeck-taxi-nach-muenchen-flughafen\/","og_locale":"de_DE","og_type":"article","og_title":"Landeck Taxi Nach M\u00fcnchen Flughafen","og_description":"Taxi-Service von St. Anton am Arlberg nach M\u00fcnchen Flughafen 24 Stunden am Tag, 7 Tage die Woche Service Taxi Holiday","og_url":"https:\/\/landecktaxi.com\/de_de\/landeck-taxi-nach-muenchen-flughafen\/","og_site_name":"Landeck Taxi - Flughafen Transfer","article_modified_time":"2024-10-28T11:50:02+00:00","twitter_card":"summary_large_image","twitter_misc":{"Gesch\u00e4tzte Lesezeit":"3\u00a0Minuten"},"schema":{"@context":"https:\/\/schema.org","@graph":[{"@type":"WebPage","@id":"https:\/\/landecktaxi.com\/landeck-taxi-nach-muenchen-flughafen\/","url":"https:\/\/landecktaxi.com\/landeck-taxi-nach-muenchen-flughafen\/","name":"Landeck Taxi Nach M\u00fcnchen Flughafen - Landeck Taxi - Flughafen Transfer","isPartOf":{"@id":"https:\/\/landecktaxi.com\/#website"},"datePublished":"2023-10-26T05:26:56+00:00","dateModified":"2024-10-28T11:50:02+00:00","description":"Taxi-Service von St. Anton am Arlberg nach M\u00fcnchen Flughafen 24 Stunden am Tag, 7 Tage die Woche Service Taxi Holiday","breadcrumb":{"@id":"https:\/\/landecktaxi.com\/landeck-taxi-nach-muenchen-flughafen\/#breadcrumb"},"inLanguage":"de","potentialAction":[{"@type":"ReadAction","target":["https:\/\/landecktaxi.com\/landeck-taxi-nach-muenchen-flughafen\/"]}]},{"@type":"BreadcrumbList","@id":"https:\/\/landecktaxi.com\/landeck-taxi-nach-muenchen-flughafen\/#breadcrumb","itemListElement":[{"@type":"ListItem","position":1,"name":"Home","item":"https:\/\/landecktaxi.com\/"},{"@type":"ListItem","position":2,"name":"Landeck Taxi Nach M\u00fcnchen Flughafen"}]},{"@type":"WebSite","@id":"https:\/\/landecktaxi.com\/#website","url":"https:\/\/landecktaxi.com\/","name":"Landeck Taxi - Flughafen Transfer","description":"","publisher":{"@id":"https:\/\/landecktaxi.com\/#organization"},"potentialAction":[{"@type":"SearchAction","target":{"@type":"EntryPoint","urlTemplate":"https:\/\/landecktaxi.com\/?s={search_term_string}"},"query-input":{"@type":"PropertyValueSpecification","valueRequired":true,"valueName":"search_term_string"}}],"inLanguage":"de"},{"@type":["Organization","Place","TaxiStand"],"@id":"https:\/\/landecktaxi.com\/#organization","name":"Landeck Taxi - Flughafen Transfer","url":"https:\/\/landecktaxi.com\/","logo":{"@id":"https:\/\/landecktaxi.com\/landeck-taxi-nach-muenchen-flughafen\/#local-main-organization-logo"},"image":{"@id":"https:\/\/landecktaxi.com\/landeck-taxi-nach-muenchen-flughafen\/#local-main-organization-logo"},"address":{"@id":"https:\/\/landecktaxi.com\/landeck-taxi-nach-muenchen-flughafen\/#local-main-place-address"},"geo":{"@type":"GeoCoordinates","latitude":"47.138309","longitude":"10.278160"},"telephone":["+43 660 57 19 900"],"openingHoursSpecification":{"@type":"OpeningHoursSpecification","dayOfWeek":["Monday","Tuesday","Wednesday","Thursday","Friday","Saturday","Sunday"],"opens":"00:00","closes":"23:59"},"email":"info@taxi-holiday.at"},{"@type":"PostalAddress","@id":"https:\/\/landecktaxi.com\/landeck-taxi-nach-muenchen-flughafen\/#local-main-place-address","streetAddress":"Ing.-Gomperz-Weg 32","addressLocality":"St. Anton am Arlberg","postalCode":"6580","addressRegion":"Tirol","addressCountry":"AT"},{"@type":"ImageObject","inLanguage":"de","@id":"https:\/\/landecktaxi.com\/landeck-taxi-nach-muenchen-flughafen\/#local-main-organization-logo","url":"https:\/\/landecktaxi.com\/wp-content\/uploads\/2023\/04\/taxi-holiday-fav.png","contentUrl":"https:\/\/landecktaxi.com\/wp-content\/uploads\/2023\/04\/taxi-holiday-fav.png","width":700,"height":350,"caption":"Landeck Taxi - Flughafen Transfer"}]},"geo.placename":"St. Anton am Arlberg","geo.position":{"lat":"47.138309","long":"10.278160"},"geo.region":"\u00d6sterreich"},"_links":{"self":[{"href":"https:\/\/landecktaxi.com\/de_de\/wp-json\/wp\/v2\/pages\/5507","targetHints":{"allow":["GET"]}}],"collection":[{"href":"https:\/\/landecktaxi.com\/de_de\/wp-json\/wp\/v2\/pages"}],"about":[{"href":"https:\/\/landecktaxi.com\/de_de\/wp-json\/wp\/v2\/types\/page"}],"author":[{"embeddable":true,"href":"https:\/\/landecktaxi.com\/de_de\/wp-json\/wp\/v2\/users\/1"}],"replies":[{"embeddable":true,"href":"https:\/\/landecktaxi.com\/de_de\/wp-json\/wp\/v2\/comments?post=5507"}],"version-history":[{"count":3,"href":"https:\/\/landecktaxi.com\/de_de\/wp-json\/wp\/v2\/pages\/5507\/revisions"}],"predecessor-version":[{"id":5566,"href":"https:\/\/landecktaxi.com\/de_de\/wp-json\/wp\/v2\/pages\/5507\/revisions\/5566"}],"wp:attachment":[{"href":"https:\/\/landecktaxi.com\/de_de\/wp-json\/wp\/v2\/media?parent=5507"}],"curies":[{"name":"wp","href":"https:\/\/api.w.org\/{rel}","templated":true}]}}