{"id":5514,"date":"2023-10-26T07:34:12","date_gmt":"2023-10-26T05:34:12","guid":{"rendered":"https:\/\/taxi-holiday.at\/?page_id=5514"},"modified":"2024-10-28T12:49:46","modified_gmt":"2024-10-28T11:49:46","slug":"taxi-landeck-nach-memmingen-flughafen","status":"publish","type":"page","link":"https:\/\/landecktaxi.com\/de_de\/taxi-landeck-nach-memmingen-flughafen\/","title":{"rendered":"Taxi Landeck Nach Memmingen Flughafen"},"content":{"rendered":"<section class=\"wpb-content-wrapper\"><div class=\"vc-custom-col-spacing clearfix vc-col-spacing-30\"><section class=\"wpb_row vc_row-fluid row-content-position-Default\"><div class=\"logistix-container\"><div class=\"row-inner clearfix\"><div class=\"wpb_column vc_column_container vc_col-sm-12\"><div class=\"vc_column-inner\"><div class=\"wpb_wrapper\">\n\t<div class=\"wpb_text_column wpb_content_element \" >\n\t\t<div class=\"wpb_wrapper\">\n\t\t\t<p>Stressfreier und Komfortabler Taxi-Service von St. Anton nach Memmingen Flughafen<\/p>\n<p>Ihre Reise von St. Anton zum Memmingen Flughafen sollte von Anfang an reibungslos und bequem verlaufen. Unser Taxi-Service bietet die perfekte L\u00f6sung, um sicherzustellen, dass Sie p\u00fcnktlich und entspannt am Flughafen ankommen.<\/p>\n<h3>Warum Uns W\u00e4hlen?<\/h3>\n<p><strong>Professionelle Fahrer:<\/strong> Unsere erfahrenen Fahrer sind nicht nur freundlich, sondern haben auch Ihre Sicherheit und Zufriedenheit als oberste Priorit\u00e4t. Sie kennen die Strecke bestens und werden sicherstellen, dass Sie sicher an Ihr Ziel gelangen.<\/p>\n<p><strong>Komfortable Fahrzeuge:<\/strong> Unsere Fahrzeuge sind ger\u00e4umig und modern ausgestattet, um Ihre Reise so angenehm wie m\u00f6glich zu gestalten. Lehnen Sie sich zur\u00fcck, entspannen Sie sich und genie\u00dfen Sie die Fahrt.<\/p>\n<p><strong>P\u00fcnktliche Abholung:<\/strong> Wir sind stets p\u00fcnktlich, um sicherzustellen, dass Sie den Flughafen rechtzeitig erreichen. Wir planen unsere Abholungen und Abfahrten entsprechend Ihren Flugzeiten, um Ihnen Stress und Sorgen zu ersparen.<\/p>\n<p><strong>Unkomplizierte Buchung:<\/strong> Unsere Buchungsprozess ist einfach und zeitsparend. Kontaktieren Sie uns, um Ihren Transfer zu planen und zu buchen \u2013 wir k\u00fcmmern uns um den Rest.<\/p>\n<p><strong>Rund um die Uhr Service:<\/strong> Egal, ob Sie fr\u00fchmorgens oder sp\u00e4tnachts fliegen, unser Service steht Ihnen rund um die Uhr zur Verf\u00fcgung. Wir sind an sieben Tagen in der Woche f\u00fcr Sie da.<\/p>\n<p>Ihr Transfer zum Memmingen Flughafen ist ein wichtiger Teil Ihrer Reise. Lassen Sie uns die Details \u00fcbernehmen, damit Sie Ihre Fahrt stressfrei genie\u00dfen k\u00f6nnen. Kontaktieren Sie uns noch heute, um Ihren Transfer zu buchen und Ihre Reise reibungslos zu beginnen.<\/p>\n\n\t\t<\/div>\n\t<\/div>\n\r\n\t<div class=\"logistix-spacer clearfix\" data-desktop=\"30\" data-mobi=\"30\" data-smobi=\"30\"><\/div><\/div><\/div><\/div><\/div><\/div><\/section><\/div><div class=\"vc-custom-col-spacing clearfix vc-col-spacing-30\"><section class=\"wpb_row vc_row-fluid row-content-position-Default\"><div class=\"logistix-container\"><div class=\"row-inner clearfix\"><div class=\"wpb_column vc_column_container vc_col-sm-12\"><div class=\"vc_column-inner\"><div class=\"wpb_wrapper\">\n\t<div class=\"wpb_raw_code wpb_content_element wpb_raw_html\" >\n\t\t<div class=\"wpb_wrapper\">\n\t\t\t<iframe src=\"https:\/\/taxi-holiday.at\/booking\/iframe?ID=6536fe3973494&lang=de\" style=\"width:100%;height:1150px;\"><\/iframe>\n\t\t<\/div>\n\t<\/div>\n<\/div><\/div><\/div><\/div><\/div><\/section><\/div>\n<\/section>","protected":false},"excerpt":{"rendered":"Stressfreier und Komfortabler Taxi-Service von St. Anton nach Memmingen Flughafen Ihre Reise von St. Anton zum Memmingen Flughafen sollte von Anfang an reibungslos und bequem verlaufen. Unser Taxi-Service bietet die perfekte L\u00f6sung, um sicherzustellen, dass Sie p\u00fcnktlich und entspannt am Flughafen ankommen. Warum Uns W\u00e4hlen? Professionelle Fahrer: Unsere erfahrenen&hellip;","protected":false},"author":1,"featured_media":0,"parent":0,"menu_order":0,"comment_status":"closed","ping_status":"closed","template":"","meta":{"_themeisle_gutenberg_block_has_review":false,"footnotes":""},"class_list":["post-5514","page","type-page","status-publish","hentry"],"yoast_head":"<!-- This site is optimized with the Yoast SEO Premium plugin v20.1 (Yoast SEO v27.6) - https:\/\/yoast.com\/product\/yoast-seo-premium-wordpress\/ -->\n<title>Taxi Landeck Nach Memmingen Flughafen - Landeck Taxi - Flughafen Transfer<\/title>\n<meta name=\"description\" content=\"Stressfreier und Komfortabler Taxi-Service von St. Anton nach Memmingen Flughafen Taxi der Holiday St. Anton am Arlberg\" \/>\n<meta name=\"robots\" content=\"index, follow, max-snippet:-1, max-image-preview:large, max-video-preview:-1\" \/>\n<link rel=\"canonical\" href=\"https:\/\/landecktaxi.com\/de_de\/taxi-landeck-nach-memmingen-flughafen\/\" \/>\n<meta property=\"og:locale\" content=\"de_DE\" \/>\n<meta property=\"og:type\" content=\"article\" \/>\n<meta property=\"og:title\" content=\"Taxi Landeck Nach Memmingen Flughafen\" \/>\n<meta property=\"og:description\" content=\"Stressfreier und Komfortabler Taxi-Service von St. Anton nach Memmingen Flughafen Taxi der Holiday St. Anton am Arlberg\" \/>\n<meta property=\"og:url\" content=\"https:\/\/landecktaxi.com\/de_de\/taxi-landeck-nach-memmingen-flughafen\/\" \/>\n<meta property=\"og:site_name\" content=\"Landeck Taxi - Flughafen Transfer\" \/>\n<meta property=\"article:modified_time\" content=\"2024-10-28T11:49:46+00:00\" \/>\n<meta name=\"twitter:card\" content=\"summary_large_image\" \/>\n<meta name=\"twitter:label1\" content=\"Gesch\u00e4tzte Lesezeit\" \/>\n\t<meta name=\"twitter:data1\" content=\"2\u00a0Minuten\" \/>\n<script type=\"application\/ld+json\" class=\"yoast-schema-graph\">{\"@context\":\"https:\\\/\\\/schema.org\",\"@graph\":[{\"@type\":\"WebPage\",\"@id\":\"https:\\\/\\\/landecktaxi.com\\\/taxi-landeck-nach-memmingen-flughafen\\\/\",\"url\":\"https:\\\/\\\/landecktaxi.com\\\/taxi-landeck-nach-memmingen-flughafen\\\/\",\"name\":\"Taxi Landeck Nach Memmingen Flughafen - Landeck Taxi - Flughafen Transfer\",\"isPartOf\":{\"@id\":\"https:\\\/\\\/landecktaxi.com\\\/#website\"},\"datePublished\":\"2023-10-26T05:34:12+00:00\",\"dateModified\":\"2024-10-28T11:49:46+00:00\",\"description\":\"Stressfreier und Komfortabler Taxi-Service von St. Anton nach Memmingen Flughafen Taxi der Holiday St. Anton am Arlberg\",\"breadcrumb\":{\"@id\":\"https:\\\/\\\/landecktaxi.com\\\/taxi-landeck-nach-memmingen-flughafen\\\/#breadcrumb\"},\"inLanguage\":\"de\",\"potentialAction\":[{\"@type\":\"ReadAction\",\"target\":[\"https:\\\/\\\/landecktaxi.com\\\/taxi-landeck-nach-memmingen-flughafen\\\/\"]}]},{\"@type\":\"BreadcrumbList\",\"@id\":\"https:\\\/\\\/landecktaxi.com\\\/taxi-landeck-nach-memmingen-flughafen\\\/#breadcrumb\",\"itemListElement\":[{\"@type\":\"ListItem\",\"position\":1,\"name\":\"Home\",\"item\":\"https:\\\/\\\/landecktaxi.com\\\/\"},{\"@type\":\"ListItem\",\"position\":2,\"name\":\"Taxi Landeck Nach Memmingen Flughafen\"}]},{\"@type\":\"WebSite\",\"@id\":\"https:\\\/\\\/landecktaxi.com\\\/#website\",\"url\":\"https:\\\/\\\/landecktaxi.com\\\/\",\"name\":\"Landeck Taxi - Flughafen Transfer\",\"description\":\"\",\"publisher\":{\"@id\":\"https:\\\/\\\/landecktaxi.com\\\/#organization\"},\"potentialAction\":[{\"@type\":\"SearchAction\",\"target\":{\"@type\":\"EntryPoint\",\"urlTemplate\":\"https:\\\/\\\/landecktaxi.com\\\/?s={search_term_string}\"},\"query-input\":{\"@type\":\"PropertyValueSpecification\",\"valueRequired\":true,\"valueName\":\"search_term_string\"}}],\"inLanguage\":\"de\"},{\"@type\":[\"Organization\",\"Place\",\"TaxiStand\"],\"@id\":\"https:\\\/\\\/landecktaxi.com\\\/#organization\",\"name\":\"Landeck Taxi - Flughafen Transfer\",\"url\":\"https:\\\/\\\/landecktaxi.com\\\/\",\"logo\":{\"@id\":\"https:\\\/\\\/landecktaxi.com\\\/taxi-landeck-nach-memmingen-flughafen\\\/#local-main-organization-logo\"},\"image\":{\"@id\":\"https:\\\/\\\/landecktaxi.com\\\/taxi-landeck-nach-memmingen-flughafen\\\/#local-main-organization-logo\"},\"address\":{\"@id\":\"https:\\\/\\\/landecktaxi.com\\\/taxi-landeck-nach-memmingen-flughafen\\\/#local-main-place-address\"},\"geo\":{\"@type\":\"GeoCoordinates\",\"latitude\":\"47.138309\",\"longitude\":\"10.278160\"},\"telephone\":[\"+43 660 57 19 900\"],\"openingHoursSpecification\":{\"@type\":\"OpeningHoursSpecification\",\"dayOfWeek\":[\"Monday\",\"Tuesday\",\"Wednesday\",\"Thursday\",\"Friday\",\"Saturday\",\"Sunday\"],\"opens\":\"00:00\",\"closes\":\"23:59\"},\"email\":\"info@taxi-holiday.at\"},{\"@type\":\"PostalAddress\",\"@id\":\"https:\\\/\\\/landecktaxi.com\\\/taxi-landeck-nach-memmingen-flughafen\\\/#local-main-place-address\",\"streetAddress\":\"Ing.-Gomperz-Weg 32\",\"addressLocality\":\"St. Anton am Arlberg\",\"postalCode\":\"6580\",\"addressRegion\":\"Tirol\",\"addressCountry\":\"AT\"},{\"@type\":\"ImageObject\",\"inLanguage\":\"de\",\"@id\":\"https:\\\/\\\/landecktaxi.com\\\/taxi-landeck-nach-memmingen-flughafen\\\/#local-main-organization-logo\",\"url\":\"https:\\\/\\\/landecktaxi.com\\\/wp-content\\\/uploads\\\/2023\\\/04\\\/taxi-holiday-fav.png\",\"contentUrl\":\"https:\\\/\\\/landecktaxi.com\\\/wp-content\\\/uploads\\\/2023\\\/04\\\/taxi-holiday-fav.png\",\"width\":700,\"height\":350,\"caption\":\"Landeck Taxi - Flughafen Transfer\"}]}<\/script>\n<meta name=\"geo.placename\" content=\"St. Anton am Arlberg\" \/>\n<meta name=\"geo.position\" content=\"47.138309;10.278160\" \/>\n<meta name=\"geo.region\" content=\"\u00d6sterreich\" \/>\n<!-- \/ Yoast SEO Premium plugin. -->","yoast_head_json":{"title":"Taxi Landeck Nach Memmingen Flughafen - Landeck Taxi - Flughafen Transfer","description":"Stressfreier und Komfortabler Taxi-Service von St. Anton nach Memmingen Flughafen Taxi der Holiday St. Anton am Arlberg","robots":{"index":"index","follow":"follow","max-snippet":"max-snippet:-1","max-image-preview":"max-image-preview:large","max-video-preview":"max-video-preview:-1"},"canonical":"https:\/\/landecktaxi.com\/de_de\/taxi-landeck-nach-memmingen-flughafen\/","og_locale":"de_DE","og_type":"article","og_title":"Taxi Landeck Nach Memmingen Flughafen","og_description":"Stressfreier und Komfortabler Taxi-Service von St. Anton nach Memmingen Flughafen Taxi der Holiday St. Anton am Arlberg","og_url":"https:\/\/landecktaxi.com\/de_de\/taxi-landeck-nach-memmingen-flughafen\/","og_site_name":"Landeck Taxi - Flughafen Transfer","article_modified_time":"2024-10-28T11:49:46+00:00","twitter_card":"summary_large_image","twitter_misc":{"Gesch\u00e4tzte Lesezeit":"2\u00a0Minuten"},"schema":{"@context":"https:\/\/schema.org","@graph":[{"@type":"WebPage","@id":"https:\/\/landecktaxi.com\/taxi-landeck-nach-memmingen-flughafen\/","url":"https:\/\/landecktaxi.com\/taxi-landeck-nach-memmingen-flughafen\/","name":"Taxi Landeck Nach Memmingen Flughafen - Landeck Taxi - Flughafen Transfer","isPartOf":{"@id":"https:\/\/landecktaxi.com\/#website"},"datePublished":"2023-10-26T05:34:12+00:00","dateModified":"2024-10-28T11:49:46+00:00","description":"Stressfreier und Komfortabler Taxi-Service von St. Anton nach Memmingen Flughafen Taxi der Holiday St. Anton am Arlberg","breadcrumb":{"@id":"https:\/\/landecktaxi.com\/taxi-landeck-nach-memmingen-flughafen\/#breadcrumb"},"inLanguage":"de","potentialAction":[{"@type":"ReadAction","target":["https:\/\/landecktaxi.com\/taxi-landeck-nach-memmingen-flughafen\/"]}]},{"@type":"BreadcrumbList","@id":"https:\/\/landecktaxi.com\/taxi-landeck-nach-memmingen-flughafen\/#breadcrumb","itemListElement":[{"@type":"ListItem","position":1,"name":"Home","item":"https:\/\/landecktaxi.com\/"},{"@type":"ListItem","position":2,"name":"Taxi Landeck Nach Memmingen Flughafen"}]},{"@type":"WebSite","@id":"https:\/\/landecktaxi.com\/#website","url":"https:\/\/landecktaxi.com\/","name":"Landeck Taxi - Flughafen Transfer","description":"","publisher":{"@id":"https:\/\/landecktaxi.com\/#organization"},"potentialAction":[{"@type":"SearchAction","target":{"@type":"EntryPoint","urlTemplate":"https:\/\/landecktaxi.com\/?s={search_term_string}"},"query-input":{"@type":"PropertyValueSpecification","valueRequired":true,"valueName":"search_term_string"}}],"inLanguage":"de"},{"@type":["Organization","Place","TaxiStand"],"@id":"https:\/\/landecktaxi.com\/#organization","name":"Landeck Taxi - Flughafen Transfer","url":"https:\/\/landecktaxi.com\/","logo":{"@id":"https:\/\/landecktaxi.com\/taxi-landeck-nach-memmingen-flughafen\/#local-main-organization-logo"},"image":{"@id":"https:\/\/landecktaxi.com\/taxi-landeck-nach-memmingen-flughafen\/#local-main-organization-logo"},"address":{"@id":"https:\/\/landecktaxi.com\/taxi-landeck-nach-memmingen-flughafen\/#local-main-place-address"},"geo":{"@type":"GeoCoordinates","latitude":"47.138309","longitude":"10.278160"},"telephone":["+43 660 57 19 900"],"openingHoursSpecification":{"@type":"OpeningHoursSpecification","dayOfWeek":["Monday","Tuesday","Wednesday","Thursday","Friday","Saturday","Sunday"],"opens":"00:00","closes":"23:59"},"email":"info@taxi-holiday.at"},{"@type":"PostalAddress","@id":"https:\/\/landecktaxi.com\/taxi-landeck-nach-memmingen-flughafen\/#local-main-place-address","streetAddress":"Ing.-Gomperz-Weg 32","addressLocality":"St. Anton am Arlberg","postalCode":"6580","addressRegion":"Tirol","addressCountry":"AT"},{"@type":"ImageObject","inLanguage":"de","@id":"https:\/\/landecktaxi.com\/taxi-landeck-nach-memmingen-flughafen\/#local-main-organization-logo","url":"https:\/\/landecktaxi.com\/wp-content\/uploads\/2023\/04\/taxi-holiday-fav.png","contentUrl":"https:\/\/landecktaxi.com\/wp-content\/uploads\/2023\/04\/taxi-holiday-fav.png","width":700,"height":350,"caption":"Landeck Taxi - Flughafen Transfer"}]},"geo.placename":"St. Anton am Arlberg","geo.position":{"lat":"47.138309","long":"10.278160"},"geo.region":"\u00d6sterreich"},"_links":{"self":[{"href":"https:\/\/landecktaxi.com\/de_de\/wp-json\/wp\/v2\/pages\/5514","targetHints":{"allow":["GET"]}}],"collection":[{"href":"https:\/\/landecktaxi.com\/de_de\/wp-json\/wp\/v2\/pages"}],"about":[{"href":"https:\/\/landecktaxi.com\/de_de\/wp-json\/wp\/v2\/types\/page"}],"author":[{"embeddable":true,"href":"https:\/\/landecktaxi.com\/de_de\/wp-json\/wp\/v2\/users\/1"}],"replies":[{"embeddable":true,"href":"https:\/\/landecktaxi.com\/de_de\/wp-json\/wp\/v2\/comments?post=5514"}],"version-history":[{"count":3,"href":"https:\/\/landecktaxi.com\/de_de\/wp-json\/wp\/v2\/pages\/5514\/revisions"}],"predecessor-version":[{"id":5565,"href":"https:\/\/landecktaxi.com\/de_de\/wp-json\/wp\/v2\/pages\/5514\/revisions\/5565"}],"wp:attachment":[{"href":"https:\/\/landecktaxi.com\/de_de\/wp-json\/wp\/v2\/media?parent=5514"}],"curies":[{"name":"wp","href":"https:\/\/api.w.org\/{rel}","templated":true}]}}