{"id":5393,"date":"2023-05-04T00:42:24","date_gmt":"2023-05-03T22:42:24","guid":{"rendered":"https:\/\/taxi-holiday.at\/?page_id=5393"},"modified":"2024-10-28T12:59:28","modified_gmt":"2024-10-28T11:59:28","slug":"online-buchnung","status":"publish","type":"page","link":"https:\/\/landecktaxi.com\/en\/online-buchnung\/","title":{"rendered":"Online booking"},"content":{"rendered":"<section class=\"wpb-content-wrapper\"><div class=\"vc-custom-col-spacing clearfix vc-col-spacing-30\"><section class=\"wpb_row vc_row-fluid row-content-position-Default\"><div class=\"logistix-container\"><div class=\"row-inner clearfix\"><div class=\"wpb_column vc_column_container vc_col-sm-12\"><div class=\"vc_column-inner\"><div class=\"wpb_wrapper\">\r\n\t<div class=\"logistix-spacer clearfix\" data-desktop=\"50\" data-mobi=\"20\" data-smobi=\"20\"><\/div>\n\t<div class=\"wpb_text_column wpb_content_element\" >\n\t\t<div class=\"wpb_wrapper\">\n\t\t\t<p>Taxi der Holiday St. Anton am Arlberg Online Buchung: Schnell, Einfach und Zuverl\u00e4ssig<\/p>\n<p>Die Reise nach St. Anton am Arlberg war noch nie so praktisch. In nur 2 Minuten k\u00f6nnen Sie Ihre Taxi-Buchung online problemlos abschlie\u00dfen. Wir bieten Ihnen den besten Service In diesem Artikel finden Sie alle Informationen, die Sie ben\u00f6tigen, um Ihre Reise reibungslos zu planen.<\/p>\n<ol>\n<li>Geschwindigkeit und Bequemlichkeit: Wir wissen, dass Ihre Zeit kostbar ist. Deshalb erm\u00f6glicht Ihnen unsere Website, Ihre Taxi-Buchung nach St. Anton am Arlberg in nur 2 Minuten abzuschlie\u00dfen. Alles, was Sie tun m\u00fcssen, ist Ihre Ankunfts- und Abreisedaten, die Anzahl der Passagiere und andere erforderliche Details einzugeben.<\/li>\n<li>Verl\u00e4sslichkeit: Mit uns zu reisen bedeutet Zuverl\u00e4ssigkeit und Professionalit\u00e4t. All unsere Fahrer sind erfahren und Experten auf ihrem Gebiet. Wir sind hier, um Ihnen das beste Reiseerlebnis zu bieten. Planen Sie Ihre Reise bequem und schlie\u00dfen Sie Ihre Taxi-Buchung nach St. Anton am Arlberg in nur wenigen Klicks ab. Genie\u00dfen Sie Ihre Reise mit uns!<\/li>\n<\/ol>\n<p>Verlieren Sie keine Zeit bei der Reiseplanung. Besuchen Sie unsere Website, um eine schnelle und zuverl\u00e4ssige Buchung vorzunehmen und weitere Informationen zu erhalten. Wir sind hier, um Ihnen ein reibungsloses Reiseerlebnis zu bieten.<\/p>\n\n\t\t<\/div>\n\t<\/div>\n\r\n\t<div class=\"logistix-spacer clearfix\" data-desktop=\"50\" data-mobi=\"20\" data-smobi=\"20\"><\/div>\n\t<div class=\"wpb_raw_code wpb_content_element wpb_raw_html\" >\n\t\t<div class=\"wpb_wrapper\">\n\t\t\t<center>Online booking now<\/center>\n<style type=\"text\/css\">\r\n       .errordiv { padding:10px; margin:10px; border: 1px solid #555555;color: #000000;background-color: #f8f8f8; width:500px; }#advanced_iframe {visibility:visible;opacity:1;vertical-align:top;}.ai-info-bottom-iframe { position: fixed; z-index: 10000; bottom:0; left: 0; margin: 0px; text-align: center; width: 100%; background-color: #ff9999; padding-left: 5px;padding-bottom: 5px; border-top: 1px solid #aaa } a.ai-bold {font-weight: bold;}#ai-layer-div-advanced_iframe p {height:100%;margin:0;padding:0}<\/style><script type=\"text\/javascript\">var ai_iframe_width_advanced_iframe = 0;var ai_iframe_height_advanced_iframe = 0;function aiReceiveMessageadvanced_iframe(event) {  aiProcessMessage(event,\"advanced_iframe\", \"true\");}if (window.addEventListener) {  window.addEventListener(\"message\", aiReceiveMessageadvanced_iframe);} else if (el.attachEvent)  {  el.attachEvent(\"message\", aiReceiveMessageadvanced_iframe);}var aiIsIe8=false;var aiOnloadScrollTop=\"true\";var aiExtraSpace=150;var aiShowDebug=false;\r\n\t\tif (typeof aiReadyCallbacks === 'undefined') {\r\n\t\t\tvar aiReadyCallbacks = [];  \r\n\t\t} else if (!(aiReadyCallbacks instanceof Array)) {\r\n\t\t\tvar aiReadyCallbacks = [];\r\n\t\t}    function aiShowIframeId(id_iframe) { jQuery(\"#\"+id_iframe).css(\"visibility\", \"visible\");    }    function aiResizeIframeHeight(height) { aiResizeIframeHeight(height,advanced_iframe); }    function aiResizeIframeHeightId(height,width,id) {aiResizeIframeHeightById(id,height);}<\/script><p class=\"ai-surrounding-p\"><iframe id=\"advanced_iframe\"  name=\"advanced_iframe\"  src=\"https:\/\/landecktaxi.com\/transfer\/\"  width=\"100%\"  height=\"400\"  frameborder=\"0\"  allowtransparency=\"true\"  loading=\"lazy\"  style=\";width:100%;height:400px;\"  onload='aiResizeIframe(this, &quot;false&quot;,&quot;1&quot;)' ><\/iframe><\/p><script type=\"text\/javascript\">var ifrm_advanced_iframe = document.getElementById(\"advanced_iframe\");var hiddenTabsDoneadvanced_iframe = false;\r\nfunction resizeCallbackadvanced_iframe() {}<\/script><script type=\"text\/javascript\"><\/script>\n\t\t<\/div>\n\t<\/div>\n<\/div><\/div><\/div><\/div><\/div><\/section><\/div>\n<\/section>","protected":false},"excerpt":{"rendered":"Taxi der Holiday St. Anton am Arlberg Online Buchung: Schnell, Einfach und Zuverl\u00e4ssig Die Reise nach St. Anton am Arlberg war noch nie so praktisch. In nur 2 Minuten k\u00f6nnen Sie Ihre Taxi-Buchung online problemlos abschlie\u00dfen. Wir bieten Ihnen den besten Service In diesem Artikel finden Sie alle Informationen,&hellip;","protected":false},"author":1,"featured_media":0,"parent":0,"menu_order":0,"comment_status":"closed","ping_status":"closed","template":"","meta":{"_themeisle_gutenberg_block_has_review":false,"footnotes":""},"class_list":["post-5393","page","type-page","status-publish","hentry"],"yoast_head":"<!-- This site is optimized with the Yoast SEO Premium plugin v20.1 (Yoast SEO v27.6) - https:\/\/yoast.com\/product\/yoast-seo-premium-wordpress\/ -->\n<title>Online-Buchnung - Landeck Taxi - Flughafen Transfer<\/title>\n<meta name=\"robots\" content=\"index, follow, max-snippet:-1, max-image-preview:large, max-video-preview:-1\" \/>\n<link rel=\"canonical\" href=\"https:\/\/landecktaxi.com\/en\/online-buchnung\/\" \/>\n<meta property=\"og:locale\" content=\"en_US\" \/>\n<meta property=\"og:type\" content=\"article\" \/>\n<meta property=\"og:title\" content=\"Online-Buchnung\" \/>\n<meta property=\"og:url\" content=\"https:\/\/landecktaxi.com\/en\/online-buchnung\/\" \/>\n<meta property=\"og:site_name\" content=\"Landeck Taxi - Flughafen Transfer\" \/>\n<meta property=\"article:modified_time\" content=\"2024-10-28T11:59:28+00:00\" \/>\n<meta name=\"twitter:card\" content=\"summary_large_image\" \/>\n<meta name=\"twitter:label1\" content=\"Est. reading time\" \/>\n\t<meta name=\"twitter:data1\" content=\"2 minutes\" \/>\n<script type=\"application\/ld+json\" class=\"yoast-schema-graph\">{\"@context\":\"https:\\\/\\\/schema.org\",\"@graph\":[{\"@type\":\"WebPage\",\"@id\":\"https:\\\/\\\/landecktaxi.com\\\/online-buchnung\\\/\",\"url\":\"https:\\\/\\\/landecktaxi.com\\\/online-buchnung\\\/\",\"name\":\"Online-Buchnung - Landeck Taxi - Flughafen Transfer\",\"isPartOf\":{\"@id\":\"https:\\\/\\\/landecktaxi.com\\\/#website\"},\"datePublished\":\"2023-05-03T22:42:24+00:00\",\"dateModified\":\"2024-10-28T11:59:28+00:00\",\"breadcrumb\":{\"@id\":\"https:\\\/\\\/landecktaxi.com\\\/online-buchnung\\\/#breadcrumb\"},\"inLanguage\":\"en-US\",\"potentialAction\":[{\"@type\":\"ReadAction\",\"target\":[\"https:\\\/\\\/landecktaxi.com\\\/online-buchnung\\\/\"]}]},{\"@type\":\"BreadcrumbList\",\"@id\":\"https:\\\/\\\/landecktaxi.com\\\/online-buchnung\\\/#breadcrumb\",\"itemListElement\":[{\"@type\":\"ListItem\",\"position\":1,\"name\":\"Home\",\"item\":\"https:\\\/\\\/landecktaxi.com\\\/\"},{\"@type\":\"ListItem\",\"position\":2,\"name\":\"Online-Buchnung\"}]},{\"@type\":\"WebSite\",\"@id\":\"https:\\\/\\\/landecktaxi.com\\\/#website\",\"url\":\"https:\\\/\\\/landecktaxi.com\\\/\",\"name\":\"Landeck Taxi - Flughafen Transfer\",\"description\":\"\",\"publisher\":{\"@id\":\"https:\\\/\\\/landecktaxi.com\\\/#organization\"},\"potentialAction\":[{\"@type\":\"SearchAction\",\"target\":{\"@type\":\"EntryPoint\",\"urlTemplate\":\"https:\\\/\\\/landecktaxi.com\\\/?s={search_term_string}\"},\"query-input\":{\"@type\":\"PropertyValueSpecification\",\"valueRequired\":true,\"valueName\":\"search_term_string\"}}],\"inLanguage\":\"en-US\"},{\"@type\":[\"Organization\",\"Place\",\"TaxiStand\"],\"@id\":\"https:\\\/\\\/landecktaxi.com\\\/#organization\",\"name\":\"Landeck Taxi - Flughafen Transfer\",\"url\":\"https:\\\/\\\/landecktaxi.com\\\/\",\"logo\":{\"@id\":\"https:\\\/\\\/landecktaxi.com\\\/online-buchnung\\\/#local-main-organization-logo\"},\"image\":{\"@id\":\"https:\\\/\\\/landecktaxi.com\\\/online-buchnung\\\/#local-main-organization-logo\"},\"address\":{\"@id\":\"https:\\\/\\\/landecktaxi.com\\\/online-buchnung\\\/#local-main-place-address\"},\"geo\":{\"@type\":\"GeoCoordinates\",\"latitude\":\"47.138309\",\"longitude\":\"10.278160\"},\"telephone\":[\"+43 660 57 19 900\"],\"openingHoursSpecification\":{\"@type\":\"OpeningHoursSpecification\",\"dayOfWeek\":[\"Monday\",\"Tuesday\",\"Wednesday\",\"Thursday\",\"Friday\",\"Saturday\",\"Sunday\"],\"opens\":\"00:00\",\"closes\":\"23:59\"},\"email\":\"info@taxi-holiday.at\"},{\"@type\":\"PostalAddress\",\"@id\":\"https:\\\/\\\/landecktaxi.com\\\/online-buchnung\\\/#local-main-place-address\",\"streetAddress\":\"Ing.-Gomperz-Weg 32\",\"addressLocality\":\"St. Anton am Arlberg\",\"postalCode\":\"6580\",\"addressRegion\":\"Tirol\",\"addressCountry\":\"AT\"},{\"@type\":\"ImageObject\",\"inLanguage\":\"en-US\",\"@id\":\"https:\\\/\\\/landecktaxi.com\\\/online-buchnung\\\/#local-main-organization-logo\",\"url\":\"https:\\\/\\\/landecktaxi.com\\\/wp-content\\\/uploads\\\/2023\\\/04\\\/taxi-holiday-fav.png\",\"contentUrl\":\"https:\\\/\\\/landecktaxi.com\\\/wp-content\\\/uploads\\\/2023\\\/04\\\/taxi-holiday-fav.png\",\"width\":700,\"height\":350,\"caption\":\"Landeck Taxi - Flughafen Transfer\"}]}<\/script>\n<meta name=\"geo.placename\" content=\"St. Anton am Arlberg\" \/>\n<meta name=\"geo.position\" content=\"47.138309;10.278160\" \/>\n<meta name=\"geo.region\" content=\"Austria\" \/>\n<!-- \/ Yoast SEO Premium plugin. -->","yoast_head_json":{"title":"Online-Buchnung - Landeck Taxi - Flughafen Transfer","robots":{"index":"index","follow":"follow","max-snippet":"max-snippet:-1","max-image-preview":"max-image-preview:large","max-video-preview":"max-video-preview:-1"},"canonical":"https:\/\/landecktaxi.com\/en\/online-buchnung\/","og_locale":"en_US","og_type":"article","og_title":"Online-Buchnung","og_url":"https:\/\/landecktaxi.com\/en\/online-buchnung\/","og_site_name":"Landeck Taxi - Flughafen Transfer","article_modified_time":"2024-10-28T11:59:28+00:00","twitter_card":"summary_large_image","twitter_misc":{"Est. reading time":"2 minutes"},"schema":{"@context":"https:\/\/schema.org","@graph":[{"@type":"WebPage","@id":"https:\/\/landecktaxi.com\/online-buchnung\/","url":"https:\/\/landecktaxi.com\/online-buchnung\/","name":"Online-Buchnung - Landeck Taxi - Flughafen Transfer","isPartOf":{"@id":"https:\/\/landecktaxi.com\/#website"},"datePublished":"2023-05-03T22:42:24+00:00","dateModified":"2024-10-28T11:59:28+00:00","breadcrumb":{"@id":"https:\/\/landecktaxi.com\/online-buchnung\/#breadcrumb"},"inLanguage":"en-US","potentialAction":[{"@type":"ReadAction","target":["https:\/\/landecktaxi.com\/online-buchnung\/"]}]},{"@type":"BreadcrumbList","@id":"https:\/\/landecktaxi.com\/online-buchnung\/#breadcrumb","itemListElement":[{"@type":"ListItem","position":1,"name":"Home","item":"https:\/\/landecktaxi.com\/"},{"@type":"ListItem","position":2,"name":"Online-Buchnung"}]},{"@type":"WebSite","@id":"https:\/\/landecktaxi.com\/#website","url":"https:\/\/landecktaxi.com\/","name":"Landeck Taxi - Flughafen Transfer","description":"","publisher":{"@id":"https:\/\/landecktaxi.com\/#organization"},"potentialAction":[{"@type":"SearchAction","target":{"@type":"EntryPoint","urlTemplate":"https:\/\/landecktaxi.com\/?s={search_term_string}"},"query-input":{"@type":"PropertyValueSpecification","valueRequired":true,"valueName":"search_term_string"}}],"inLanguage":"en-US"},{"@type":["Organization","Place","TaxiStand"],"@id":"https:\/\/landecktaxi.com\/#organization","name":"Landeck Taxi - Flughafen Transfer","url":"https:\/\/landecktaxi.com\/","logo":{"@id":"https:\/\/landecktaxi.com\/online-buchnung\/#local-main-organization-logo"},"image":{"@id":"https:\/\/landecktaxi.com\/online-buchnung\/#local-main-organization-logo"},"address":{"@id":"https:\/\/landecktaxi.com\/online-buchnung\/#local-main-place-address"},"geo":{"@type":"GeoCoordinates","latitude":"47.138309","longitude":"10.278160"},"telephone":["+43 660 57 19 900"],"openingHoursSpecification":{"@type":"OpeningHoursSpecification","dayOfWeek":["Monday","Tuesday","Wednesday","Thursday","Friday","Saturday","Sunday"],"opens":"00:00","closes":"23:59"},"email":"info@taxi-holiday.at"},{"@type":"PostalAddress","@id":"https:\/\/landecktaxi.com\/online-buchnung\/#local-main-place-address","streetAddress":"Ing.-Gomperz-Weg 32","addressLocality":"St. Anton am Arlberg","postalCode":"6580","addressRegion":"Tirol","addressCountry":"AT"},{"@type":"ImageObject","inLanguage":"en-US","@id":"https:\/\/landecktaxi.com\/online-buchnung\/#local-main-organization-logo","url":"https:\/\/landecktaxi.com\/wp-content\/uploads\/2023\/04\/taxi-holiday-fav.png","contentUrl":"https:\/\/landecktaxi.com\/wp-content\/uploads\/2023\/04\/taxi-holiday-fav.png","width":700,"height":350,"caption":"Landeck Taxi - Flughafen Transfer"}]},"geo.placename":"St. Anton am Arlberg","geo.position":{"lat":"47.138309","long":"10.278160"},"geo.region":"Austria"},"_links":{"self":[{"href":"https:\/\/landecktaxi.com\/en\/wp-json\/wp\/v2\/pages\/5393","targetHints":{"allow":["GET"]}}],"collection":[{"href":"https:\/\/landecktaxi.com\/en\/wp-json\/wp\/v2\/pages"}],"about":[{"href":"https:\/\/landecktaxi.com\/en\/wp-json\/wp\/v2\/types\/page"}],"author":[{"embeddable":true,"href":"https:\/\/landecktaxi.com\/en\/wp-json\/wp\/v2\/users\/1"}],"replies":[{"embeddable":true,"href":"https:\/\/landecktaxi.com\/en\/wp-json\/wp\/v2\/comments?post=5393"}],"version-history":[{"count":6,"href":"https:\/\/landecktaxi.com\/en\/wp-json\/wp\/v2\/pages\/5393\/revisions"}],"predecessor-version":[{"id":5481,"href":"https:\/\/landecktaxi.com\/en\/wp-json\/wp\/v2\/pages\/5393\/revisions\/5481"}],"wp:attachment":[{"href":"https:\/\/landecktaxi.com\/en\/wp-json\/wp\/v2\/media?parent=5393"}],"curies":[{"name":"wp","href":"https:\/\/api.w.org\/{rel}","templated":true}]}}